{"id":7709,"date":"2026-02-05T11:09:11","date_gmt":"2026-02-05T03:09:11","guid":{"rendered":"https:\/\/klqcw.com\/?post_type=product&#038;p=7709"},"modified":"2026-02-05T11:09:11","modified_gmt":"2026-02-05T03:09:11","slug":"60m%c2%b3-bulk-feed-trailer","status":"publish","type":"product","link":"https:\/\/klqcw.com\/pt\/60m%C2%B3-bulk-feed-trailer.html","title":{"rendered":"60m\u00b3 Bulk Feed Trailer"},"content":{"rendered":"<p><img fetchpriority=\"high\" decoding=\"async\" class=\"aligncenter wp-image-7710\" src=\"https:\/\/klqcw.com\/wp-content\/uploads\/2026\/02\/\u9972\u6599\u8fd0\u8f93\u8f66\u8be6\u60c5\u9875_01.webp\" alt=\"\" width=\"1234\" height=\"1651\" srcset=\"https:\/\/klqcw.com\/wp-content\/uploads\/2026\/02\/\u9972\u6599\u8fd0\u8f93\u8f66\u8be6\u60c5\u9875_01.webp 790w, https:\/\/klqcw.com\/wp-content\/uploads\/2026\/02\/\u9972\u6599\u8fd0\u8f93\u8f66\u8be6\u60c5\u9875_01-224x300.webp 224w, https:\/\/klqcw.com\/wp-content\/uploads\/2026\/02\/\u9972\u6599\u8fd0\u8f93\u8f66\u8be6\u60c5\u9875_01-765x1024.webp 765w, https:\/\/klqcw.com\/wp-content\/uploads\/2026\/02\/\u9972\u6599\u8fd0\u8f93\u8f66\u8be6\u60c5\u9875_01-768x1028.webp 768w, https:\/\/klqcw.com\/wp-content\/uploads\/2026\/02\/\u9972\u6599\u8fd0\u8f93\u8f66\u8be6\u60c5\u9875_01-9x12.webp 9w, https:\/\/klqcw.com\/wp-content\/uploads\/2026\/02\/\u9972\u6599\u8fd0\u8f93\u8f66\u8be6\u60c5\u9875_01-600x803.webp 600w, https:\/\/klqcw.com\/wp-content\/uploads\/2026\/02\/\u9972\u6599\u8fd0\u8f93\u8f66\u8be6\u60c5\u9875_01-150x201.webp 150w\" sizes=\"(max-width: 1234px) 100vw, 1234px\" \/><\/p>\n<h1 style=\"text-align: center;\">PAR\u00c2METROS DO PRODUTO<\/h1>\n<p><img decoding=\"async\" class=\"aligncenter wp-image-7711\" src=\"https:\/\/klqcw.com\/wp-content\/uploads\/2026\/02\/\u9972\u6599\u8fd0\u8f93\u8f66\u8be6\u60c5\u9875_03.webp\" alt=\"\" width=\"1234\" height=\"478\" srcset=\"https:\/\/klqcw.com\/wp-content\/uploads\/2026\/02\/\u9972\u6599\u8fd0\u8f93\u8f66\u8be6\u60c5\u9875_03.webp 790w, https:\/\/klqcw.com\/wp-content\/uploads\/2026\/02\/\u9972\u6599\u8fd0\u8f93\u8f66\u8be6\u60c5\u9875_03-300x116.webp 300w, https:\/\/klqcw.com\/wp-content\/uploads\/2026\/02\/\u9972\u6599\u8fd0\u8f93\u8f66\u8be6\u60c5\u9875_03-768x297.webp 768w, https:\/\/klqcw.com\/wp-content\/uploads\/2026\/02\/\u9972\u6599\u8fd0\u8f93\u8f66\u8be6\u60c5\u9875_03-18x7.webp 18w, https:\/\/klqcw.com\/wp-content\/uploads\/2026\/02\/\u9972\u6599\u8fd0\u8f93\u8f66\u8be6\u60c5\u9875_03-600x232.webp 600w, https:\/\/klqcw.com\/wp-content\/uploads\/2026\/02\/\u9972\u6599\u8fd0\u8f93\u8f66\u8be6\u60c5\u9875_03-150x58.webp 150w\" sizes=\"(max-width: 1234px) 100vw, 1234px\" \/><\/p>\n<h2 style=\"text-align: center;\">60m\u00b3 Bulk Feed Trailer<\/h2>\n<table>\n<tbody>\n<tr>\n<td width=\"79\"><strong>projeto<\/strong><\/td>\n<td width=\"319\"><strong>Descri\u00e7\u00f5es<\/strong><\/td>\n<td width=\"288\"><strong>Especifica\u00e7\u00f5es<\/strong><\/td>\n<\/tr>\n<tr>\n<td rowspan=\"4\" width=\"79\"><strong>B\u00e1sico<\/strong><\/td>\n<td width=\"319\"><strong>Dimens\u00f5es totais (mm)<\/strong><\/td>\n<td width=\"288\"><strong>13750\u00d72550\u00d74000<\/strong><\/td>\n<\/tr>\n<tr>\n<td width=\"319\"><strong>peso bruto (kg)<\/strong><\/td>\n<td width=\"288\"><strong>12700<\/strong><\/td>\n<\/tr>\n<tr>\n<td width=\"319\"><strong>Capacidade de carga (Kg)<\/strong><\/td>\n<td width=\"288\"><strong>27290<\/strong><\/td>\n<\/tr>\n<tr>\n<td width=\"319\"><strong>Massa total (Kg)<\/strong><\/td>\n<td width=\"288\"><strong>40000<\/strong><\/td>\n<\/tr>\n<tr>\n<td rowspan=\"4\" width=\"79\"><strong>Corpo<\/strong><\/td>\n<td width=\"319\"><strong>Tank size\uff08mm\uff09<\/strong><\/td>\n<td width=\"288\"><strong>13000\u00d72550\u00d72640<\/strong><\/td>\n<\/tr>\n<tr>\n<td width=\"319\"><strong>Volume do tanque (m\u00b3)<\/strong><\/td>\n<td width=\"288\"><strong>60<\/strong><\/td>\n<\/tr>\n<tr>\n<td width=\"319\"><strong>Material do corpo do tanque<\/strong><\/td>\n<td width=\"288\"><strong>carbon steel<\/strong><\/td>\n<\/tr>\n<tr>\n<td width=\"319\"><strong>Espessura do tanque (mm)<\/strong><\/td>\n<td width=\"288\"><strong>4<\/strong><\/td>\n<\/tr>\n<tr>\n<td width=\"79\"><strong>Chassis<\/strong><\/td>\n<td width=\"319\"><strong>Marca do chassi<\/strong><\/td>\n<td width=\"288\"><strong>Howo<\/strong><\/td>\n<\/tr>\n<\/tbody>\n<\/table>\n<h1 style=\"text-align: center;\">VANTAGENS DO VE\u00cdCULO<\/h1>\n<h4 style=\"text-align: center;\">TANK BODY MANUFACTURING PROCESS<\/h4>\n<p><img decoding=\"async\" class=\"aligncenter wp-image-7712\" src=\"https:\/\/klqcw.com\/wp-content\/uploads\/2026\/02\/\u9972\u6599\u8fd0\u8f93\u8f66\u8be6\u60c5\u9875_05.webp\" alt=\"\" width=\"1234\" height=\"1453\" srcset=\"https:\/\/klqcw.com\/wp-content\/uploads\/2026\/02\/\u9972\u6599\u8fd0\u8f93\u8f66\u8be6\u60c5\u9875_05.webp 790w, https:\/\/klqcw.com\/wp-content\/uploads\/2026\/02\/\u9972\u6599\u8fd0\u8f93\u8f66\u8be6\u60c5\u9875_05-255x300.webp 255w, https:\/\/klqcw.com\/wp-content\/uploads\/2026\/02\/\u9972\u6599\u8fd0\u8f93\u8f66\u8be6\u60c5\u9875_05-768x904.webp 768w, https:\/\/klqcw.com\/wp-content\/uploads\/2026\/02\/\u9972\u6599\u8fd0\u8f93\u8f66\u8be6\u60c5\u9875_05-10x12.webp 10w, https:\/\/klqcw.com\/wp-content\/uploads\/2026\/02\/\u9972\u6599\u8fd0\u8f93\u8f66\u8be6\u60c5\u9875_05-600x706.webp 600w, https:\/\/klqcw.com\/wp-content\/uploads\/2026\/02\/\u9972\u6599\u8fd0\u8f93\u8f66\u8be6\u60c5\u9875_05-150x177.webp 150w\" sizes=\"(max-width: 1234px) 100vw, 1234px\" \/> <img loading=\"lazy\" decoding=\"async\" class=\"aligncenter wp-image-7713\" src=\"https:\/\/klqcw.com\/wp-content\/uploads\/2026\/02\/\u9972\u6599\u8fd0\u8f93\u8f66\u8be6\u60c5\u9875_06.webp\" alt=\"\" width=\"1234\" height=\"1412\" srcset=\"https:\/\/klqcw.com\/wp-content\/uploads\/2026\/02\/\u9972\u6599\u8fd0\u8f93\u8f66\u8be6\u60c5\u9875_06.webp 790w, https:\/\/klqcw.com\/wp-content\/uploads\/2026\/02\/\u9972\u6599\u8fd0\u8f93\u8f66\u8be6\u60c5\u9875_06-262x300.webp 262w, https:\/\/klqcw.com\/wp-content\/uploads\/2026\/02\/\u9972\u6599\u8fd0\u8f93\u8f66\u8be6\u60c5\u9875_06-768x879.webp 768w, https:\/\/klqcw.com\/wp-content\/uploads\/2026\/02\/\u9972\u6599\u8fd0\u8f93\u8f66\u8be6\u60c5\u9875_06-10x12.webp 10w, https:\/\/klqcw.com\/wp-content\/uploads\/2026\/02\/\u9972\u6599\u8fd0\u8f93\u8f66\u8be6\u60c5\u9875_06-600x687.webp 600w, https:\/\/klqcw.com\/wp-content\/uploads\/2026\/02\/\u9972\u6599\u8fd0\u8f93\u8f66\u8be6\u60c5\u9875_06-150x172.webp 150w\" sizes=\"(max-width: 1234px) 100vw, 1234px\" \/><\/p>\n<p><strong>1\/2\/3. Material selection: The tank body is mainly made of high-strengthhigh-quality carbon steel plates (such as Q345) or galvanized plates. The an-ti-rust and anti-corrosion ability of galvanized plates is far superior to thatof ordinary painted steel plates. It can effectively prevent the feed from get-ting damp and corroding the tank body, and extend the service life, espe-cially suitable for humid environments.ucrPainting process: The tank body usually adopts the electrophoretic bakingpaint process, with high paint adhesion and strong durability.<\/strong><br \/>\n<strong>4\/5. Forming process: The cross-section of the tank body mostly adopts thedesign of &#8220;square circle&#8221; or &#8220;polygonal&#8221;. This design ensures the effectivevolume, increases the structural strength, and facilitates the feed to con-centrate towards the discharge auger outlet under the action of gravity, re-ducing residue.<\/strong><br \/>\n<strong>6\/7. Smoothing treatment: The welds inside the tank are polished to be flat,and the inner wall is smooth to reduce feed sticking to the wall and residue.<\/strong><br \/>\n<strong>8. Compartment design: The partition process is mature, and it can be divid-ed into 2 &#8211; 4 independent compartments as required. The partitions arewelded tightly to the tank body to ensure that the feeds in each compart-ment do not mix.<\/strong><br \/>\n<strong>9\/10. Anti-piling design: The connection between the bottom of the tankbody and the side plates adopts an arc transition to avoid dead corners andassist the flow of the feed.<\/strong><\/p>\n<h1 style=\"text-align: center;\">CONVEYING SYSTEM PROCESS<\/h1>\n<p><img loading=\"lazy\" decoding=\"async\" class=\"aligncenter wp-image-7714\" src=\"https:\/\/klqcw.com\/wp-content\/uploads\/2026\/02\/\u9972\u6599\u8fd0\u8f93\u8f66\u8be6\u60c5\u9875_08.webp\" alt=\"\" width=\"1234\" height=\"1421\" srcset=\"https:\/\/klqcw.com\/wp-content\/uploads\/2026\/02\/\u9972\u6599\u8fd0\u8f93\u8f66\u8be6\u60c5\u9875_08.webp 790w, https:\/\/klqcw.com\/wp-content\/uploads\/2026\/02\/\u9972\u6599\u8fd0\u8f93\u8f66\u8be6\u60c5\u9875_08-260x300.webp 260w, https:\/\/klqcw.com\/wp-content\/uploads\/2026\/02\/\u9972\u6599\u8fd0\u8f93\u8f66\u8be6\u60c5\u9875_08-768x885.webp 768w, https:\/\/klqcw.com\/wp-content\/uploads\/2026\/02\/\u9972\u6599\u8fd0\u8f93\u8f66\u8be6\u60c5\u9875_08-10x12.webp 10w, https:\/\/klqcw.com\/wp-content\/uploads\/2026\/02\/\u9972\u6599\u8fd0\u8f93\u8f66\u8be6\u60c5\u9875_08-600x691.webp 600w, https:\/\/klqcw.com\/wp-content\/uploads\/2026\/02\/\u9972\u6599\u8fd0\u8f93\u8f66\u8be6\u60c5\u9875_08-150x173.webp 150w\" sizes=\"(max-width: 1234px) 100vw, 1234px\" \/> <img loading=\"lazy\" decoding=\"async\" class=\"aligncenter wp-image-7715\" src=\"https:\/\/klqcw.com\/wp-content\/uploads\/2026\/02\/\u9972\u6599\u8fd0\u8f93\u8f66\u8be6\u60c5\u9875_09.webp\" alt=\"\" width=\"1234\" height=\"2323\" srcset=\"https:\/\/klqcw.com\/wp-content\/uploads\/2026\/02\/\u9972\u6599\u8fd0\u8f93\u8f66\u8be6\u60c5\u9875_09.webp 790w, https:\/\/klqcw.com\/wp-content\/uploads\/2026\/02\/\u9972\u6599\u8fd0\u8f93\u8f66\u8be6\u60c5\u9875_09-159x300.webp 159w, https:\/\/klqcw.com\/wp-content\/uploads\/2026\/02\/\u9972\u6599\u8fd0\u8f93\u8f66\u8be6\u60c5\u9875_09-544x1024.webp 544w, https:\/\/klqcw.com\/wp-content\/uploads\/2026\/02\/\u9972\u6599\u8fd0\u8f93\u8f66\u8be6\u60c5\u9875_09-768x1446.webp 768w, https:\/\/klqcw.com\/wp-content\/uploads\/2026\/02\/\u9972\u6599\u8fd0\u8f93\u8f66\u8be6\u60c5\u9875_09-6x12.webp 6w, https:\/\/klqcw.com\/wp-content\/uploads\/2026\/02\/\u9972\u6599\u8fd0\u8f93\u8f66\u8be6\u60c5\u9875_09-600x1129.webp 600w, https:\/\/klqcw.com\/wp-content\/uploads\/2026\/02\/\u9972\u6599\u8fd0\u8f93\u8f66\u8be6\u60c5\u9875_09-150x282.webp 150w\" sizes=\"(max-width: 1234px) 100vw, 1234px\" \/><\/p>\n<p><strong>Mainly using spiral auger conveying:<\/strong><br \/>\n<strong>1. The auger blades are made of high-strength alloy steel, featuring goodwear resistance. The clearance between the blades and the pipe wall isproperly controlled to ensure conveying efficiency while avoiding excessiveextrusion and damage to the granular materials.<\/strong><br \/>\n<strong>2. Multi-layer sealing process: At key parts such as the auger bearings andconnecting flanges, multiple oil seals or combined seals are used to preventhydraulic oil leakage from contaminating the feed and dust from enteringand wearing the components.<\/strong><\/p>\n<h1 style=\"text-align: center;\">HYDRAULIC ELECTRONIC CONTROL SYSTEM<\/h1>\n<p><img loading=\"lazy\" decoding=\"async\" class=\"aligncenter wp-image-7716\" src=\"https:\/\/klqcw.com\/wp-content\/uploads\/2026\/02\/\u9972\u6599\u8fd0\u8f93\u8f66\u8be6\u60c5\u9875_11.webp\" alt=\"\" width=\"1234\" height=\"1337\" srcset=\"https:\/\/klqcw.com\/wp-content\/uploads\/2026\/02\/\u9972\u6599\u8fd0\u8f93\u8f66\u8be6\u60c5\u9875_11.webp 790w, https:\/\/klqcw.com\/wp-content\/uploads\/2026\/02\/\u9972\u6599\u8fd0\u8f93\u8f66\u8be6\u60c5\u9875_11-277x300.webp 277w, https:\/\/klqcw.com\/wp-content\/uploads\/2026\/02\/\u9972\u6599\u8fd0\u8f93\u8f66\u8be6\u60c5\u9875_11-768x832.webp 768w, https:\/\/klqcw.com\/wp-content\/uploads\/2026\/02\/\u9972\u6599\u8fd0\u8f93\u8f66\u8be6\u60c5\u9875_11-11x12.webp 11w, https:\/\/klqcw.com\/wp-content\/uploads\/2026\/02\/\u9972\u6599\u8fd0\u8f93\u8f66\u8be6\u60c5\u9875_11-600x650.webp 600w, https:\/\/klqcw.com\/wp-content\/uploads\/2026\/02\/\u9972\u6599\u8fd0\u8f93\u8f66\u8be6\u60c5\u9875_11-150x163.webp 150w\" sizes=\"(max-width: 1234px) 100vw, 1234px\" \/> <img loading=\"lazy\" decoding=\"async\" class=\"aligncenter wp-image-7717\" src=\"https:\/\/klqcw.com\/wp-content\/uploads\/2026\/02\/\u9972\u6599\u8fd0\u8f93\u8f66\u8be6\u60c5\u9875_12.webp\" alt=\"\" width=\"1234\" height=\"1343\" srcset=\"https:\/\/klqcw.com\/wp-content\/uploads\/2026\/02\/\u9972\u6599\u8fd0\u8f93\u8f66\u8be6\u60c5\u9875_12.webp 790w, https:\/\/klqcw.com\/wp-content\/uploads\/2026\/02\/\u9972\u6599\u8fd0\u8f93\u8f66\u8be6\u60c5\u9875_12-276x300.webp 276w, https:\/\/klqcw.com\/wp-content\/uploads\/2026\/02\/\u9972\u6599\u8fd0\u8f93\u8f66\u8be6\u60c5\u9875_12-768x836.webp 768w, https:\/\/klqcw.com\/wp-content\/uploads\/2026\/02\/\u9972\u6599\u8fd0\u8f93\u8f66\u8be6\u60c5\u9875_12-11x12.webp 11w, https:\/\/klqcw.com\/wp-content\/uploads\/2026\/02\/\u9972\u6599\u8fd0\u8f93\u8f66\u8be6\u60c5\u9875_12-600x653.webp 600w, https:\/\/klqcw.com\/wp-content\/uploads\/2026\/02\/\u9972\u6599\u8fd0\u8f93\u8f66\u8be6\u60c5\u9875_12-150x163.webp 150w\" sizes=\"(max-width: 1234px) 100vw, 1234px\" \/><\/p>\n<p><strong>1. Hydraulic oil tank: Stores the oil for the hydraulic system.<\/strong><br \/>\n<strong>2. Oil level gauge: Displays the oil level in the tank in real time.<\/strong><br \/>\n<strong>3. Hydraulic pump: Provides power for the hydraulic system.<\/strong><br \/>\n<strong>4. Hydraulic motor: Converts hydraulic energy into mechanical energy.<\/strong><br \/>\n<strong>5. Hydraulic multi &#8211; way valve: Controls the on off and direction of the hy-draulic oil circuit.<\/strong><br \/>\n<strong>6. Radiator: Cools the hydraulic oil to ensure the operation of the system.<\/strong><br \/>\n<strong>7. Auger motor: Drives the auger to convey the feed.u<\/strong><br \/>\n<strong>8. Auger motor: Assists the auger in completing the feed conveying.<\/strong><br \/>\n<strong>9. Rotation motor: Drives the mechanism to achieve the rotating unloading action.<\/strong><br \/>\n<strong>10. 360 degree worm and worm gear: Enables 360 degree rotation adjust-ment of the mechanism.<\/strong><br \/>\n<strong>11. Flow control valve: Precisely adjusts the flow rate of the hydraulic oil.<\/strong><br \/>\n<strong>12. Manual operating lever: Manually controls the actions of the hydraulicsystem.<\/strong><\/p>\n<h1 style=\"text-align: center;\">PROCESSO DE PRODU\u00c7\u00c3O<\/h1>\n<p><img loading=\"lazy\" decoding=\"async\" class=\"aligncenter wp-image-7718\" src=\"https:\/\/klqcw.com\/wp-content\/uploads\/2026\/02\/\u9972\u6599\u8fd0\u8f93\u8f66\u8be6\u60c5\u9875_14.webp\" alt=\"\" width=\"1234\" height=\"2315\" srcset=\"https:\/\/klqcw.com\/wp-content\/uploads\/2026\/02\/\u9972\u6599\u8fd0\u8f93\u8f66\u8be6\u60c5\u9875_14.webp 790w, https:\/\/klqcw.com\/wp-content\/uploads\/2026\/02\/\u9972\u6599\u8fd0\u8f93\u8f66\u8be6\u60c5\u9875_14-160x300.webp 160w, https:\/\/klqcw.com\/wp-content\/uploads\/2026\/02\/\u9972\u6599\u8fd0\u8f93\u8f66\u8be6\u60c5\u9875_14-546x1024.webp 546w, https:\/\/klqcw.com\/wp-content\/uploads\/2026\/02\/\u9972\u6599\u8fd0\u8f93\u8f66\u8be6\u60c5\u9875_14-768x1441.webp 768w, https:\/\/klqcw.com\/wp-content\/uploads\/2026\/02\/\u9972\u6599\u8fd0\u8f93\u8f66\u8be6\u60c5\u9875_14-6x12.webp 6w, https:\/\/klqcw.com\/wp-content\/uploads\/2026\/02\/\u9972\u6599\u8fd0\u8f93\u8f66\u8be6\u60c5\u9875_14-600x1126.webp 600w, https:\/\/klqcw.com\/wp-content\/uploads\/2026\/02\/\u9972\u6599\u8fd0\u8f93\u8f66\u8be6\u60c5\u9875_14-150x281.webp 150w\" sizes=\"(max-width: 1234px) 100vw, 1234px\" \/> <img loading=\"lazy\" decoding=\"async\" class=\"aligncenter wp-image-7719\" src=\"https:\/\/klqcw.com\/wp-content\/uploads\/2026\/02\/\u9972\u6599\u8fd0\u8f93\u8f66\u8be6\u60c5\u9875_15.webp\" alt=\"\" width=\"1234\" height=\"2312\" srcset=\"https:\/\/klqcw.com\/wp-content\/uploads\/2026\/02\/\u9972\u6599\u8fd0\u8f93\u8f66\u8be6\u60c5\u9875_15.webp 790w, https:\/\/klqcw.com\/wp-content\/uploads\/2026\/02\/\u9972\u6599\u8fd0\u8f93\u8f66\u8be6\u60c5\u9875_15-160x300.webp 160w, https:\/\/klqcw.com\/wp-content\/uploads\/2026\/02\/\u9972\u6599\u8fd0\u8f93\u8f66\u8be6\u60c5\u9875_15-547x1024.webp 547w, https:\/\/klqcw.com\/wp-content\/uploads\/2026\/02\/\u9972\u6599\u8fd0\u8f93\u8f66\u8be6\u60c5\u9875_15-768x1439.webp 768w, https:\/\/klqcw.com\/wp-content\/uploads\/2026\/02\/\u9972\u6599\u8fd0\u8f93\u8f66\u8be6\u60c5\u9875_15-6x12.webp 6w, https:\/\/klqcw.com\/wp-content\/uploads\/2026\/02\/\u9972\u6599\u8fd0\u8f93\u8f66\u8be6\u60c5\u9875_15-600x1124.webp 600w, https:\/\/klqcw.com\/wp-content\/uploads\/2026\/02\/\u9972\u6599\u8fd0\u8f93\u8f66\u8be6\u60c5\u9875_15-150x281.webp 150w\" sizes=\"(max-width: 1234px) 100vw, 1234px\" \/><\/p>\n<p><strong>1. Preliminary drawing design<\/strong><br \/>\n<strong>2. Material preparation before production<\/strong><br \/>\n<strong>3. Tank body welding<\/strong><br \/>\n<strong>4. Montagem da carro\u00e7aria do tanque no chassis<\/strong><br \/>\n<strong>5. Pretreatment for anti-corrosion and rust prevention<\/strong><br \/>\n<strong>6. Completion of the painting of the entire vehicle&#8217;s superstructure<\/strong><\/p>\n<h1 style=\"text-align: center;\">CEN\u00c1RIOS DE APLICA\u00c7\u00c3O<\/h1>\n<p><img loading=\"lazy\" decoding=\"async\" class=\"aligncenter wp-image-7720\" src=\"https:\/\/klqcw.com\/wp-content\/uploads\/2026\/02\/\u9972\u6599\u8fd0\u8f93\u8f66\u8be6\u60c5\u9875_17.webp\" alt=\"\" width=\"1234\" height=\"2362\" srcset=\"https:\/\/klqcw.com\/wp-content\/uploads\/2026\/02\/\u9972\u6599\u8fd0\u8f93\u8f66\u8be6\u60c5\u9875_17.webp 790w, https:\/\/klqcw.com\/wp-content\/uploads\/2026\/02\/\u9972\u6599\u8fd0\u8f93\u8f66\u8be6\u60c5\u9875_17-157x300.webp 157w, https:\/\/klqcw.com\/wp-content\/uploads\/2026\/02\/\u9972\u6599\u8fd0\u8f93\u8f66\u8be6\u60c5\u9875_17-535x1024.webp 535w, https:\/\/klqcw.com\/wp-content\/uploads\/2026\/02\/\u9972\u6599\u8fd0\u8f93\u8f66\u8be6\u60c5\u9875_17-768x1470.webp 768w, https:\/\/klqcw.com\/wp-content\/uploads\/2026\/02\/\u9972\u6599\u8fd0\u8f93\u8f66\u8be6\u60c5\u9875_17-6x12.webp 6w, https:\/\/klqcw.com\/wp-content\/uploads\/2026\/02\/\u9972\u6599\u8fd0\u8f93\u8f66\u8be6\u60c5\u9875_17-600x1148.webp 600w, https:\/\/klqcw.com\/wp-content\/uploads\/2026\/02\/\u9972\u6599\u8fd0\u8f93\u8f66\u8be6\u60c5\u9875_17-150x287.webp 150w\" sizes=\"(max-width: 1234px) 100vw, 1234px\" \/><\/p>\n<h1 style=\"text-align: center;\">EMBALAMENTO E TRANSPORTE<\/h1>\n<p><img loading=\"lazy\" decoding=\"async\" class=\"aligncenter wp-image-7721\" src=\"https:\/\/klqcw.com\/wp-content\/uploads\/2026\/02\/\u9972\u6599\u8fd0\u8f93\u8f66\u8be6\u60c5\u9875_19.webp\" alt=\"\" width=\"1234\" height=\"2585\" srcset=\"https:\/\/klqcw.com\/wp-content\/uploads\/2026\/02\/\u9972\u6599\u8fd0\u8f93\u8f66\u8be6\u60c5\u9875_19.webp 790w, https:\/\/klqcw.com\/wp-content\/uploads\/2026\/02\/\u9972\u6599\u8fd0\u8f93\u8f66\u8be6\u60c5\u9875_19-143x300.webp 143w, https:\/\/klqcw.com\/wp-content\/uploads\/2026\/02\/\u9972\u6599\u8fd0\u8f93\u8f66\u8be6\u60c5\u9875_19-489x1024.webp 489w, https:\/\/klqcw.com\/wp-content\/uploads\/2026\/02\/\u9972\u6599\u8fd0\u8f93\u8f66\u8be6\u60c5\u9875_19-768x1609.webp 768w, https:\/\/klqcw.com\/wp-content\/uploads\/2026\/02\/\u9972\u6599\u8fd0\u8f93\u8f66\u8be6\u60c5\u9875_19-733x1536.webp 733w, https:\/\/klqcw.com\/wp-content\/uploads\/2026\/02\/\u9972\u6599\u8fd0\u8f93\u8f66\u8be6\u60c5\u9875_19-6x12.webp 6w, https:\/\/klqcw.com\/wp-content\/uploads\/2026\/02\/\u9972\u6599\u8fd0\u8f93\u8f66\u8be6\u60c5\u9875_19-600x1257.webp 600w, https:\/\/klqcw.com\/wp-content\/uploads\/2026\/02\/\u9972\u6599\u8fd0\u8f93\u8f66\u8be6\u60c5\u9875_19-150x314.webp 150w\" sizes=\"(max-width: 1234px) 100vw, 1234px\" \/><\/p>","protected":false},"excerpt":{"rendered":"<p>PRODUCT PARAMETERS 60m\u00b3 Bulk Feed Trailer project Descriptions Specifications Basic Overall dimensions(mm) 13750\u00d72550\u00d74000 curb weight(Kg) 12700 Loading capacity(Kg) 27290 Total<\/p>","protected":false},"featured_media":7722,"template":"","meta":[],"product_brand":[352],"product_cat":[179],"product_tag":[],"class_list":{"0":"post-7709","1":"product","2":"type-product","3":"status-publish","4":"has-post-thumbnail","6":"product_brand-semi-trailer","7":"product_cat-bulk-feed-trucks","9":"first","10":"instock","11":"shipping-taxable","12":"product-type-simple"},"_links":{"self":[{"href":"https:\/\/klqcw.com\/pt\/wp-json\/wp\/v2\/product\/7709","targetHints":{"allow":["GET"]}}],"collection":[{"href":"https:\/\/klqcw.com\/pt\/wp-json\/wp\/v2\/product"}],"about":[{"href":"https:\/\/klqcw.com\/pt\/wp-json\/wp\/v2\/types\/product"}],"version-history":[{"count":1,"href":"https:\/\/klqcw.com\/pt\/wp-json\/wp\/v2\/product\/7709\/revisions"}],"predecessor-version":[{"id":7728,"href":"https:\/\/klqcw.com\/pt\/wp-json\/wp\/v2\/product\/7709\/revisions\/7728"}],"wp:featuredmedia":[{"embeddable":true,"href":"https:\/\/klqcw.com\/pt\/wp-json\/wp\/v2\/media\/7722"}],"wp:attachment":[{"href":"https:\/\/klqcw.com\/pt\/wp-json\/wp\/v2\/media?parent=7709"}],"wp:term":[{"taxonomy":"product_brand","embeddable":true,"href":"https:\/\/klqcw.com\/pt\/wp-json\/wp\/v2\/product_brand?post=7709"},{"taxonomy":"product_cat","embeddable":true,"href":"https:\/\/klqcw.com\/pt\/wp-json\/wp\/v2\/product_cat?post=7709"},{"taxonomy":"product_tag","embeddable":true,"href":"https:\/\/klqcw.com\/pt\/wp-json\/wp\/v2\/product_tag?post=7709"}],"curies":[{"name":"wp","href":"https:\/\/api.w.org\/{rel}","templated":true}]}}