{"id":4644,"date":"2025-09-12T14:56:13","date_gmt":"2025-09-12T06:56:13","guid":{"rendered":"https:\/\/klqcw.com\/?post_type=product&#038;p=4644"},"modified":"2025-09-12T14:56:14","modified_gmt":"2025-09-12T06:56:14","slug":"rollback-truck-foton-3ton","status":"publish","type":"product","link":"https:\/\/klqcw.com\/pt\/rollback-truck-foton-3ton.html","title":{"rendered":"Caminh\u00e3o basculante Foton 3 toneladas"},"content":{"rendered":"<table>\n<tbody>\n<tr class=\"firstRow\">\n<td valign=\"top\" width=\"729\"><strong>Nome do produto<\/strong><\/td>\n<td align=\"center\" valign=\"top\" width=\"747\"><strong><a href=\"http:\/\/foton.com\">F\u00f3ton<\/a> <a href=\"https:\/\/klqcw.com\/pt\/product-category\/engineering-equipment\/tow-trucks.html\/\">Caminh\u00e3o Rollback<\/a><\/strong><\/td>\n<\/tr>\n<tr>\n<td valign=\"top\" width=\"729\"><strong>Dimens\u00f5es totais (mm)<\/strong><\/td>\n<td align=\"center\" valign=\"top\" width=\"747\"><strong>5995x2400x2250<\/strong><\/td>\n<\/tr>\n<tr>\n<td valign=\"top\" width=\"729\"><strong>Comprimento da laje (mm)<\/strong><\/td>\n<td align=\"center\" valign=\"top\" width=\"747\"><strong>5600<\/strong><\/td>\n<\/tr>\n<tr>\n<td valign=\"top\" width=\"729\"><strong>Largura da plataforma (mm)<\/strong><\/td>\n<td align=\"center\" valign=\"top\" width=\"747\"><strong>2400<\/strong><\/td>\n<\/tr>\n<tr>\n<td valign=\"top\" width=\"729\"><strong>Peso do rolamento da placa (t)<\/strong><\/td>\n<td align=\"center\" valign=\"top\" width=\"747\"><strong>4<\/strong><\/td>\n<\/tr>\n<tr>\n<td valign=\"top\" width=\"729\"><strong>For\u00e7a de tra\u00e7\u00e3o do guincho (t)<\/strong><\/td>\n<td align=\"center\" valign=\"top\" width=\"747\"><strong>4<\/strong><\/td>\n<\/tr>\n<tr>\n<td valign=\"top\" width=\"729\"><strong>O bra\u00e7o do suporte traseiro carrega o peso (t)<\/strong><\/td>\n<td align=\"center\" valign=\"top\" width=\"747\"><strong>3<\/strong><\/td>\n<\/tr>\n<tr>\n<td valign=\"top\" width=\"729\"><strong>Comprimento total do cabo de a\u00e7o (m)<\/strong><\/td>\n<td align=\"center\" valign=\"top\" width=\"747\"><strong>21<\/strong><\/td>\n<\/tr>\n<tr>\n<td valign=\"top\" width=\"729\"><strong>Roda Auxiliar<\/strong><\/td>\n<td align=\"center\" valign=\"top\" width=\"747\"><strong>Um par<\/strong><\/td>\n<\/tr>\n<tr>\n<td colspan=\"1\" rowspan=\"1\" valign=\"top\" width=\"729\"><strong>Massa total (kg)<\/strong><\/td>\n<td colspan=\"1\" rowspan=\"1\" align=\"center\" valign=\"top\" width=\"747\"><strong>4495<\/strong><\/td>\n<\/tr>\n<tr>\n<td colspan=\"1\" rowspan=\"1\" valign=\"top\" width=\"729\"><strong>Peso do meio-fio (kg)<\/strong><\/td>\n<td colspan=\"1\" rowspan=\"1\" align=\"center\" valign=\"top\" width=\"747\"><strong>2800<\/strong><\/td>\n<\/tr>\n<tr>\n<td colspan=\"1\" rowspan=\"1\" valign=\"top\" width=\"729\"><strong>Pot\u00eancia do motor (kw)<\/strong><\/td>\n<td colspan=\"1\" rowspan=\"1\" align=\"center\" valign=\"top\" width=\"747\"><strong>96 kW<\/strong><\/td>\n<\/tr>\n<tr>\n<td colspan=\"1\" rowspan=\"1\" valign=\"top\" width=\"729\"><strong>Caixa de engrenagens<\/strong><\/td>\n<td colspan=\"1\" rowspan=\"1\" align=\"center\" valign=\"top\" width=\"747\"><strong>Transmiss\u00e3o manual de 6 velocidades<\/strong><\/td>\n<\/tr>\n<tr>\n<td colspan=\"1\" rowspan=\"1\" valign=\"top\" width=\"729\"><strong>Dist\u00e2ncia entre eixos (mm)<\/strong><\/td>\n<td colspan=\"1\" rowspan=\"1\" align=\"center\" valign=\"top\" width=\"747\"><strong>3815<\/strong><\/td>\n<\/tr>\n<tr>\n<td colspan=\"1\" rowspan=\"1\" valign=\"top\" width=\"729\"><strong>Eixo dianteiro e traseiro (t)<\/strong><\/td>\n<td colspan=\"1\" rowspan=\"1\" align=\"center\" valign=\"top\" width=\"747\"><strong>2.5\/5<\/strong><\/td>\n<\/tr>\n<tr>\n<td colspan=\"1\" rowspan=\"1\" valign=\"top\" width=\"729\"><strong>Freio<\/strong><\/td>\n<td colspan=\"1\" rowspan=\"1\" align=\"center\" valign=\"top\" width=\"747\"><strong>Freio de corte de ar autom\u00e1tico<\/strong><\/td>\n<\/tr>\n<tr>\n<td colspan=\"1\" rowspan=\"1\" valign=\"top\" width=\"729\"><strong>Especifica\u00e7\u00e3o do pneu<\/strong><\/td>\n<td colspan=\"1\" rowspan=\"1\" align=\"center\" valign=\"top\" width=\"747\"><strong>7,00R16<\/strong><\/td>\n<\/tr>\n<\/tbody>\n<\/table>\n<p><img fetchpriority=\"high\" decoding=\"async\" class=\"aligncenter wp-image-4639\" src=\"https:\/\/klqcw.com\/wp-content\/uploads\/2025\/09\/6-25032Q24G6292.png\" alt=\"Rollback truck structure diagram\" width=\"1400\" height=\"1361\" srcset=\"https:\/\/klqcw.com\/wp-content\/uploads\/2025\/09\/6-25032Q24G6292.png 1806w, https:\/\/klqcw.com\/wp-content\/uploads\/2025\/09\/6-25032Q24G6292-300x292.png 300w, https:\/\/klqcw.com\/wp-content\/uploads\/2025\/09\/6-25032Q24G6292-1024x996.png 1024w, https:\/\/klqcw.com\/wp-content\/uploads\/2025\/09\/6-25032Q24G6292-768x747.png 768w, https:\/\/klqcw.com\/wp-content\/uploads\/2025\/09\/6-25032Q24G6292-1536x1493.png 1536w, https:\/\/klqcw.com\/wp-content\/uploads\/2025\/09\/6-25032Q24G6292-12x12.png 12w, https:\/\/klqcw.com\/wp-content\/uploads\/2025\/09\/6-25032Q24G6292-600x583.png 600w, https:\/\/klqcw.com\/wp-content\/uploads\/2025\/09\/6-25032Q24G6292-150x146.png 150w\" sizes=\"(max-width: 1400px) 100vw, 1400px\" \/> <img decoding=\"async\" class=\"aligncenter wp-image-4640\" src=\"https:\/\/klqcw.com\/wp-content\/uploads\/2025\/09\/6-25032Q24HHa-scaled.png\" alt=\"Rollback truck details\" width=\"1400\" height=\"3695\" srcset=\"https:\/\/klqcw.com\/wp-content\/uploads\/2025\/09\/6-25032Q24HHa-scaled.png 970w, https:\/\/klqcw.com\/wp-content\/uploads\/2025\/09\/6-25032Q24HHa-114x300.png 114w, https:\/\/klqcw.com\/wp-content\/uploads\/2025\/09\/6-25032Q24HHa-388x1024.png 388w, https:\/\/klqcw.com\/wp-content\/uploads\/2025\/09\/6-25032Q24HHa-768x2027.png 768w, https:\/\/klqcw.com\/wp-content\/uploads\/2025\/09\/6-25032Q24HHa-582x1536.png 582w, https:\/\/klqcw.com\/wp-content\/uploads\/2025\/09\/6-25032Q24HHa-776x2048.png 776w, https:\/\/klqcw.com\/wp-content\/uploads\/2025\/09\/6-25032Q24HHa-5x12.png 5w, https:\/\/klqcw.com\/wp-content\/uploads\/2025\/09\/6-25032Q24HHa-600x1584.png 600w, https:\/\/klqcw.com\/wp-content\/uploads\/2025\/09\/6-25032Q24HHa-150x396.png 150w\" sizes=\"(max-width: 1400px) 100vw, 1400px\" \/> <img decoding=\"async\" class=\"aligncenter wp-image-4641\" src=\"https:\/\/klqcw.com\/wp-content\/uploads\/2025\/09\/6-25032Q24IK18-scaled.png\" alt=\"Rollback truck details\" width=\"1400\" height=\"2972\" srcset=\"https:\/\/klqcw.com\/wp-content\/uploads\/2025\/09\/6-25032Q24IK18-scaled.png 1206w, https:\/\/klqcw.com\/wp-content\/uploads\/2025\/09\/6-25032Q24IK18-141x300.png 141w, https:\/\/klqcw.com\/wp-content\/uploads\/2025\/09\/6-25032Q24IK18-482x1024.png 482w, https:\/\/klqcw.com\/wp-content\/uploads\/2025\/09\/6-25032Q24IK18-768x1630.png 768w, https:\/\/klqcw.com\/wp-content\/uploads\/2025\/09\/6-25032Q24IK18-724x1536.png 724w, https:\/\/klqcw.com\/wp-content\/uploads\/2025\/09\/6-25032Q24IK18-965x2048.png 965w, https:\/\/klqcw.com\/wp-content\/uploads\/2025\/09\/6-25032Q24IK18-6x12.png 6w, https:\/\/klqcw.com\/wp-content\/uploads\/2025\/09\/6-25032Q24IK18-600x1273.png 600w, https:\/\/klqcw.com\/wp-content\/uploads\/2025\/09\/6-25032Q24IK18-150x318.png 150w\" sizes=\"(max-width: 1400px) 100vw, 1400px\" \/><\/p>","protected":false},"excerpt":{"rendered":"<p>Product Name Foton Rollback Truck Overall dimensions\uff08mm\uff09 5995x2400x2250 Slab Length\uff08mm\uff09 5600 Flatbed width\uff08mm\uff09 2400 Plate Bearing Weight\uff08t\uff09 4 Winch pulling<\/p>","protected":false},"featured_media":4654,"template":"","meta":[],"product_brand":[234],"product_cat":[174],"product_tag":[253,254,255,256],"class_list":{"0":"post-4644","1":"product","2":"type-product","3":"status-publish","4":"has-post-thumbnail","6":"product_brand-foton","7":"product_cat-tow-trucks","8":"product_tag-car-recovery","9":"product_tag-rollback-truck","10":"product_tag-wrecker","11":"product_tag-3-ton","13":"first","14":"instock","15":"shipping-taxable","16":"product-type-simple"},"_links":{"self":[{"href":"https:\/\/klqcw.com\/pt\/wp-json\/wp\/v2\/product\/4644","targetHints":{"allow":["GET"]}}],"collection":[{"href":"https:\/\/klqcw.com\/pt\/wp-json\/wp\/v2\/product"}],"about":[{"href":"https:\/\/klqcw.com\/pt\/wp-json\/wp\/v2\/types\/product"}],"version-history":[{"count":2,"href":"https:\/\/klqcw.com\/pt\/wp-json\/wp\/v2\/product\/4644\/revisions"}],"predecessor-version":[{"id":4666,"href":"https:\/\/klqcw.com\/pt\/wp-json\/wp\/v2\/product\/4644\/revisions\/4666"}],"wp:featuredmedia":[{"embeddable":true,"href":"https:\/\/klqcw.com\/pt\/wp-json\/wp\/v2\/media\/4654"}],"wp:attachment":[{"href":"https:\/\/klqcw.com\/pt\/wp-json\/wp\/v2\/media?parent=4644"}],"wp:term":[{"taxonomy":"product_brand","embeddable":true,"href":"https:\/\/klqcw.com\/pt\/wp-json\/wp\/v2\/product_brand?post=4644"},{"taxonomy":"product_cat","embeddable":true,"href":"https:\/\/klqcw.com\/pt\/wp-json\/wp\/v2\/product_cat?post=4644"},{"taxonomy":"product_tag","embeddable":true,"href":"https:\/\/klqcw.com\/pt\/wp-json\/wp\/v2\/product_tag?post=4644"}],"curies":[{"name":"wp","href":"https:\/\/api.w.org\/{rel}","templated":true}]}}