{"id":4408,"date":"2025-09-10T17:06:16","date_gmt":"2025-09-10T09:06:16","guid":{"rendered":"https:\/\/klqcw.com\/?post_type=product&#038;p=4408"},"modified":"2026-01-22T17:43:18","modified_gmt":"2026-01-22T09:43:18","slug":"refrigerator-semi-trailer","status":"publish","type":"product","link":"https:\/\/klqcw.com\/pt\/refrigerator-semi-trailer.html","title":{"rendered":"Semi-reboque frigor\u00edfico"},"content":{"rendered":"<div data-elementor-type=\"product-post\" data-elementor-id=\"4408\" class=\"elementor elementor-4408\" data-elementor-post-type=\"product\">\n\t\t\t\t<div class=\"wd-negative-gap elementor-element elementor-element-7c75dcf4 e-flex e-con-boxed e-con e-parent\" data-id=\"7c75dcf4\" data-element_type=\"container\" data-e-type=\"container\">\n\t\t\t\t\t<div class=\"e-con-inner\">\n\t\t<div class=\"elementor-element elementor-element-d60e402 e-con-full e-flex e-con e-child\" data-id=\"d60e402\" data-element_type=\"container\" data-e-type=\"container\">\n\t\t\t\t<div class=\"elementor-element elementor-element-7082c4b wd-width-100 elementor-widget elementor-widget-wd_video\" data-id=\"7082c4b\" data-element_type=\"widget\" data-e-type=\"widget\" data-widget_type=\"wd_video.default\">\n\t\t\t\t<div class=\"elementor-widget-container\">\n\t\t\t\t\t\n\t\t<div class=\"wd-el-video wd-action-without wd-video-hosted wd-with-aspect-ratio\">\n\t\t\t\t\t\t\t<video src=\"https:\/\/klqcw.com\/wp-content\/uploads\/2025\/11\/VIDEO_20260122_161416.mp4\" playsinline controls preload=\"metadata\"><\/video>\t\t\t\n\t\t\t\n\t\t\t\n\t\t\t\t\t<\/div>\n\t\t\t\t\t\t<\/div>\n\t\t\t\t<\/div>\n\t\t\t\t<\/div>\n\t\t\t\t<div class=\"elementor-element elementor-element-1038d3a color-scheme-inherit text-left elementor-widget elementor-widget-text-editor\" data-id=\"1038d3a\" data-element_type=\"widget\" data-e-type=\"widget\" data-widget_type=\"text-editor.default\">\n\t\t\t\t<div class=\"elementor-widget-container\">\n\t\t\t\t\t\t\t\t\t<table style=\"height: 451px;\" width=\"1171\">\r\n<tbody>\r\n<tr>\r\n<td width=\"299\"><strong>Descri\u00e7\u00f5es<\/strong><\/td>\r\n<td width=\"319\"><strong>Especifica\u00e7\u00f5es<\/strong><\/td>\r\n<\/tr>\r\n<tr>\r\n<td width=\"299\"><strong>Dimens\u00f5es totais (mm)<\/strong><\/td>\r\n<td width=\"319\"><strong>13740*2600*2770<\/strong><\/td>\r\n<\/tr>\r\n<tr>\r\n<td width=\"299\"><strong>peso bruto (kg)<\/strong><\/td>\r\n<td width=\"319\"><strong>8400<\/strong><\/td>\r\n<\/tr>\r\n<tr>\r\n<td width=\"299\"><strong>Capacidade de carga (Kg)<\/strong><\/td>\r\n<td width=\"319\"><strong>31600<\/strong><\/td>\r\n<\/tr>\r\n<tr>\r\n<td width=\"299\"><strong>Massa total (Kg)<\/strong><\/td>\r\n<td width=\"319\"><strong>40000<\/strong><\/td>\r\n<\/tr>\r\n<tr>\r\n<td width=\"299\"><strong>Tamanho da caixa de carga (mm)<\/strong><\/td>\r\n<td width=\"319\"><strong>13478*2460*2471<\/strong><\/td>\r\n<\/tr>\r\n<tr>\r\n<td width=\"299\"><strong>Volume da caixa (m\u00b3)<\/strong><\/td>\r\n<td width=\"319\"><strong>81.9<\/strong><\/td>\r\n<\/tr>\r\n<tr>\r\n<td width=\"299\"><strong>Material da caixa<\/strong><\/td>\r\n<td width=\"319\"><strong>Placa de alum\u00ednio<\/strong><\/td>\r\n<\/tr>\r\n<tr>\r\n<td width=\"299\"><strong>Material da camada de isolamento<\/strong><\/td>\r\n<td width=\"319\"><strong>poliuretano<\/strong><\/td>\r\n<\/tr>\r\n<tr>\r\n<td width=\"299\"><strong>Espessura da camada de isolamento (cm)<\/strong><\/td>\r\n<td width=\"319\"><strong>8<\/strong><\/td>\r\n<\/tr>\r\n<tr>\r\n<td width=\"299\"><strong>Placa de fundo da caixa<\/strong><\/td>\r\n<td width=\"319\"><strong>material de alum\u00ednio Calha de ventila\u00e7\u00e3o<\/strong><\/td>\r\n<\/tr>\r\n<tr>\r\n<td width=\"299\"><strong>Marca de geladeira<\/strong><\/td>\r\n<td width=\"319\"><strong>Operadora<\/strong><\/td>\r\n<\/tr>\r\n<tr>\r\n<td width=\"299\"><strong><a href=\"http:\/\/klqcw.com\/pt\/\">Frigor\u00edfico<\/a> temperatura (\u00b0)<\/strong><\/td>\r\n<td width=\"319\"><strong>-5\u00b0\/-18\u00b0<\/strong><\/td>\r\n<\/tr>\r\n<tr>\r\n<td width=\"299\"><strong>Energia de reserva<\/strong><\/td>\r\n<td width=\"319\"><strong>Opcional<\/strong><\/td>\r\n<\/tr>\r\n<tr>\r\n<td width=\"299\"><strong>Sistema de aquecimento de ar<\/strong><\/td>\r\n<td width=\"319\"><strong>Opcional<\/strong><\/td>\r\n<\/tr>\r\n<\/tbody>\r\n<\/table>\r\n<img fetchpriority=\"high\" decoding=\"async\" class=\"aligncenter wp-image-4343 size-full\" src=\"https:\/\/klqcw.com\/wp-content\/uploads\/2025\/09\/6-250626102550504-2.png\" alt=\"\" width=\"1242\" height=\"1691\" srcset=\"https:\/\/klqcw.com\/wp-content\/uploads\/2025\/09\/6-250626102550504-2.png 1242w, https:\/\/klqcw.com\/wp-content\/uploads\/2025\/09\/6-250626102550504-2-220x300.png 220w, https:\/\/klqcw.com\/wp-content\/uploads\/2025\/09\/6-250626102550504-2-752x1024.png 752w, https:\/\/klqcw.com\/wp-content\/uploads\/2025\/09\/6-250626102550504-2-768x1046.png 768w, https:\/\/klqcw.com\/wp-content\/uploads\/2025\/09\/6-250626102550504-2-1128x1536.png 1128w, https:\/\/klqcw.com\/wp-content\/uploads\/2025\/09\/6-250626102550504-2-9x12.png 9w, https:\/\/klqcw.com\/wp-content\/uploads\/2025\/09\/6-250626102550504-2-600x817.png 600w, https:\/\/klqcw.com\/wp-content\/uploads\/2025\/09\/6-250626102550504-2-150x204.png 150w\" sizes=\"(max-width: 1242px) 100vw, 1242px\" \/> <img decoding=\"async\" class=\"aligncenter wp-image-4336 size-full\" src=\"https:\/\/klqcw.com\/wp-content\/uploads\/2025\/09\/6-250626101P94F.png\" alt=\"\" width=\"1242\" height=\"698\" srcset=\"https:\/\/klqcw.com\/wp-content\/uploads\/2025\/09\/6-250626101P94F.png 1242w, https:\/\/klqcw.com\/wp-content\/uploads\/2025\/09\/6-250626101P94F-300x169.png 300w, https:\/\/klqcw.com\/wp-content\/uploads\/2025\/09\/6-250626101P94F-1024x575.png 1024w, https:\/\/klqcw.com\/wp-content\/uploads\/2025\/09\/6-250626101P94F-768x432.png 768w, https:\/\/klqcw.com\/wp-content\/uploads\/2025\/09\/6-250626101P94F-18x10.png 18w, https:\/\/klqcw.com\/wp-content\/uploads\/2025\/09\/6-250626101P94F-600x337.png 600w, https:\/\/klqcw.com\/wp-content\/uploads\/2025\/09\/6-250626101P94F-150x84.png 150w\" sizes=\"(max-width: 1242px) 100vw, 1242px\" \/> <img decoding=\"async\" class=\"aligncenter wp-image-4339 size-full\" src=\"https:\/\/klqcw.com\/wp-content\/uploads\/2025\/09\/Internal-structure-of-the-refrigerator-scaled.png\" alt=\"Internal-structure-of-the-refrigerator-scaled\" width=\"1234\" height=\"2560\" srcset=\"https:\/\/klqcw.com\/wp-content\/uploads\/2025\/09\/Internal-structure-of-the-refrigerator-scaled.png 1234w, https:\/\/klqcw.com\/wp-content\/uploads\/2025\/09\/Internal-structure-of-the-refrigerator-145x300.png 145w, https:\/\/klqcw.com\/wp-content\/uploads\/2025\/09\/Internal-structure-of-the-refrigerator-494x1024.png 494w, https:\/\/klqcw.com\/wp-content\/uploads\/2025\/09\/Internal-structure-of-the-refrigerator-768x1593.png 768w, https:\/\/klqcw.com\/wp-content\/uploads\/2025\/09\/Internal-structure-of-the-refrigerator-741x1536.png 741w, https:\/\/klqcw.com\/wp-content\/uploads\/2025\/09\/Internal-structure-of-the-refrigerator-987x2048.png 987w, https:\/\/klqcw.com\/wp-content\/uploads\/2025\/09\/Internal-structure-of-the-refrigerator-6x12.png 6w, https:\/\/klqcw.com\/wp-content\/uploads\/2025\/09\/Internal-structure-of-the-refrigerator-600x1244.png 600w, https:\/\/klqcw.com\/wp-content\/uploads\/2025\/09\/Internal-structure-of-the-refrigerator-150x311.png 150w\" sizes=\"(max-width: 1234px) 100vw, 1234px\" \/> <img loading=\"lazy\" decoding=\"async\" class=\"aligncenter wp-image-4342 size-full\" src=\"https:\/\/klqcw.com\/wp-content\/uploads\/2025\/09\/Refrigerated-truck-configuration-diagram-scaled.png\" alt=\"Refrigerated-truck-configuration-diagram-scaled\" width=\"1234\" height=\"2560\" srcset=\"https:\/\/klqcw.com\/wp-content\/uploads\/2025\/09\/Refrigerated-truck-configuration-diagram-scaled.png 1234w, https:\/\/klqcw.com\/wp-content\/uploads\/2025\/09\/Refrigerated-truck-configuration-diagram-145x300.png 145w, https:\/\/klqcw.com\/wp-content\/uploads\/2025\/09\/Refrigerated-truck-configuration-diagram-494x1024.png 494w, https:\/\/klqcw.com\/wp-content\/uploads\/2025\/09\/Refrigerated-truck-configuration-diagram-768x1594.png 768w, https:\/\/klqcw.com\/wp-content\/uploads\/2025\/09\/Refrigerated-truck-configuration-diagram-740x1536.png 740w, https:\/\/klqcw.com\/wp-content\/uploads\/2025\/09\/Refrigerated-truck-configuration-diagram-987x2048.png 987w, https:\/\/klqcw.com\/wp-content\/uploads\/2025\/09\/Refrigerated-truck-configuration-diagram-6x12.png 6w, https:\/\/klqcw.com\/wp-content\/uploads\/2025\/09\/Refrigerated-truck-configuration-diagram-600x1245.png 600w, https:\/\/klqcw.com\/wp-content\/uploads\/2025\/09\/Refrigerated-truck-configuration-diagram-150x311.png 150w\" sizes=\"(max-width: 1234px) 100vw, 1234px\" \/> <img loading=\"lazy\" decoding=\"async\" class=\"aligncenter wp-image-4341 size-full\" src=\"https:\/\/klqcw.com\/wp-content\/uploads\/2025\/09\/Refrigerated-box-material.png\" alt=\"Refrigerated-box-material\" width=\"1242\" height=\"1949\" srcset=\"https:\/\/klqcw.com\/wp-content\/uploads\/2025\/09\/Refrigerated-box-material.png 1242w, https:\/\/klqcw.com\/wp-content\/uploads\/2025\/09\/Refrigerated-box-material-191x300.png 191w, https:\/\/klqcw.com\/wp-content\/uploads\/2025\/09\/Refrigerated-box-material-653x1024.png 653w, https:\/\/klqcw.com\/wp-content\/uploads\/2025\/09\/Refrigerated-box-material-768x1205.png 768w, https:\/\/klqcw.com\/wp-content\/uploads\/2025\/09\/Refrigerated-box-material-979x1536.png 979w, https:\/\/klqcw.com\/wp-content\/uploads\/2025\/09\/Refrigerated-box-material-8x12.png 8w, https:\/\/klqcw.com\/wp-content\/uploads\/2025\/09\/Refrigerated-box-material-600x942.png 600w, https:\/\/klqcw.com\/wp-content\/uploads\/2025\/09\/Refrigerated-box-material-150x235.png 150w\" sizes=\"(max-width: 1242px) 100vw, 1242px\" \/> <img loading=\"lazy\" decoding=\"async\" class=\"aligncenter wp-image-4340 size-full\" src=\"https:\/\/klqcw.com\/wp-content\/uploads\/2025\/09\/Refrigerated-box-details-scaled.png\" alt=\"Refrigerated-box-details-scaled\" width=\"1061\" height=\"2560\" srcset=\"https:\/\/klqcw.com\/wp-content\/uploads\/2025\/09\/Refrigerated-box-details-scaled.png 1061w, https:\/\/klqcw.com\/wp-content\/uploads\/2025\/09\/Refrigerated-box-details-124x300.png 124w, https:\/\/klqcw.com\/wp-content\/uploads\/2025\/09\/Refrigerated-box-details-425x1024.png 425w, https:\/\/klqcw.com\/wp-content\/uploads\/2025\/09\/Refrigerated-box-details-768x1853.png 768w, https:\/\/klqcw.com\/wp-content\/uploads\/2025\/09\/Refrigerated-box-details-637x1536.png 637w, https:\/\/klqcw.com\/wp-content\/uploads\/2025\/09\/Refrigerated-box-details-849x2048.png 849w, https:\/\/klqcw.com\/wp-content\/uploads\/2025\/09\/Refrigerated-box-details-5x12.png 5w, https:\/\/klqcw.com\/wp-content\/uploads\/2025\/09\/Refrigerated-box-details-600x1447.png 600w, https:\/\/klqcw.com\/wp-content\/uploads\/2025\/09\/Refrigerated-box-details-150x362.png 150w\" sizes=\"(max-width: 1061px) 100vw, 1061px\" \/>\t\t\t\t\t\t\t\t<\/div>\n\t\t\t\t<\/div>\n\t\t\t\t\t<\/div>\n\t\t\t\t<\/div>\n\t\t\t\t<\/div>","protected":false},"excerpt":{"rendered":"<p>Descriptions Specifications Overall dimensions(mm) 13740*2600*2770 curb weight(Kg) 8400 Loading capacity(Kg) 31600 Total mass(Kg) 40000 Cargo box size\u00a0(mm) 13478*2460*2471 Box volume\u00a0(m\u00b3)<\/p>","protected":false},"featured_media":4413,"template":"","meta":[],"product_brand":[],"product_cat":[178],"product_tag":[236,240,241],"class_list":{"0":"post-4408","1":"product","2":"type-product","3":"status-publish","4":"has-post-thumbnail","6":"product_cat-reefer-trucks","7":"product_tag-refrigerated-truck","8":"product_tag-refrigerator-semi-trailer","9":"product_tag-52m","11":"first","12":"instock","13":"featured","14":"shipping-taxable","15":"product-type-simple"},"_links":{"self":[{"href":"https:\/\/klqcw.com\/pt\/wp-json\/wp\/v2\/product\/4408","targetHints":{"allow":["GET"]}}],"collection":[{"href":"https:\/\/klqcw.com\/pt\/wp-json\/wp\/v2\/product"}],"about":[{"href":"https:\/\/klqcw.com\/pt\/wp-json\/wp\/v2\/types\/product"}],"version-history":[{"count":5,"href":"https:\/\/klqcw.com\/pt\/wp-json\/wp\/v2\/product\/4408\/revisions"}],"predecessor-version":[{"id":7423,"href":"https:\/\/klqcw.com\/pt\/wp-json\/wp\/v2\/product\/4408\/revisions\/7423"}],"wp:featuredmedia":[{"embeddable":true,"href":"https:\/\/klqcw.com\/pt\/wp-json\/wp\/v2\/media\/4413"}],"wp:attachment":[{"href":"https:\/\/klqcw.com\/pt\/wp-json\/wp\/v2\/media?parent=4408"}],"wp:term":[{"taxonomy":"product_brand","embeddable":true,"href":"https:\/\/klqcw.com\/pt\/wp-json\/wp\/v2\/product_brand?post=4408"},{"taxonomy":"product_cat","embeddable":true,"href":"https:\/\/klqcw.com\/pt\/wp-json\/wp\/v2\/product_cat?post=4408"},{"taxonomy":"product_tag","embeddable":true,"href":"https:\/\/klqcw.com\/pt\/wp-json\/wp\/v2\/product_tag?post=4408"}],"curies":[{"name":"wp","href":"https:\/\/api.w.org\/{rel}","templated":true}]}}