{"id":3956,"date":"2025-09-03T16:42:45","date_gmt":"2025-09-03T08:42:45","guid":{"rendered":"https:\/\/klqcw.com\/?post_type=product&#038;p=3956"},"modified":"2025-09-03T16:42:47","modified_gmt":"2025-09-03T08:42:47","slug":"dongfeng-6m%c2%b3-skip-containers","status":"publish","type":"product","link":"https:\/\/klqcw.com\/pt\/dongfeng-6m%C2%B3-skip-containers.html","title":{"rendered":"Cont\u00eaineres basculantes Dongfeng de 6 m\u00b3"},"content":{"rendered":"<table>\n<tbody>\n<tr class=\"ue-table-interlace-color-single firstRow\">\n<td valign=\"top\" width=\"743\"><strong>\u00a0 <a href=\"https:\/\/klqcw.com\/pt\/product-category\/sanitation-equipment\/garbage-trucks.html\/\">Marca<\/a><\/strong><\/td>\n<td align=\"center\" valign=\"top\" width=\"743\"><a href=\"http:\/\/www.dongfeng.com\"><strong>Dong Feng<\/strong><\/a><\/td>\n<\/tr>\n<tr class=\"ue-table-interlace-color-double\">\n<td valign=\"top\" width=\"743\"><strong>\u00a0 Dimens\u00f5es totais (mm)<\/strong><\/td>\n<td align=\"center\" valign=\"top\" width=\"743\"><strong>5995\u00d72090\u00d72810<\/strong><\/td>\n<\/tr>\n<tr class=\"ue-table-interlace-color-single\">\n<td valign=\"top\" width=\"743\"><strong>\u00a0 Volume da caixa de coleta de lixo correspondente (m\u00b3)<\/strong><\/td>\n<td align=\"center\" valign=\"top\" width=\"743\"><strong>4-6<\/strong><\/td>\n<\/tr>\n<tr class=\"ue-table-interlace-color-double\">\n<td colspan=\"1\" rowspan=\"1\" valign=\"top\"><strong>\u00a0 Tempo de ciclo \u00fanico (s)<\/strong><\/td>\n<td colspan=\"1\" rowspan=\"1\" align=\"center\" valign=\"top\"><strong>Para cima e para baixo uma vez, tempo de ciclo de trabalho \u2264 60S<\/strong><\/td>\n<\/tr>\n<tr class=\"ue-table-interlace-color-single\">\n<td colspan=\"1\" rowspan=\"1\" valign=\"top\"><strong>\u00a0 Tempo de descarga (s)<\/strong><\/td>\n<td colspan=\"1\" rowspan=\"1\" align=\"center\" valign=\"top\"><strong>\u226440<\/strong><\/td>\n<\/tr>\n<tr class=\"ue-table-interlace-color-double\">\n<td colspan=\"1\" rowspan=\"1\" valign=\"top\"><strong>\u00a0 Configura\u00e7\u00e3o padr\u00e3o<\/strong><\/td>\n<td colspan=\"1\" rowspan=\"1\" align=\"center\" valign=\"top\"><strong>Cilindro de barra dupla, v\u00e1lvula multivias de controle hidr\u00e1ulico<\/strong><\/td>\n<\/tr>\n<tr class=\"ue-table-interlace-color-single\">\n<td colspan=\"1\" rowspan=\"1\" valign=\"top\"><strong>\u00a0 Sistema de controle<\/strong><\/td>\n<td colspan=\"1\" rowspan=\"1\" align=\"center\" valign=\"top\"><strong>Controle manual (opera\u00e7\u00e3o manual autom\u00e1tica opcional)<\/strong><\/td>\n<\/tr>\n<tr class=\"ue-table-interlace-color-double\">\n<td colspan=\"1\" rowspan=\"1\" valign=\"top\"><strong>\u00a0 Capacidade de carga nominal (kg)<\/strong><\/td>\n<td colspan=\"1\" rowspan=\"1\" align=\"center\" valign=\"top\"><strong>3460<\/strong><\/td>\n<\/tr>\n<tr class=\"ue-table-interlace-color-single\">\n<td colspan=\"1\" rowspan=\"1\" valign=\"top\"><strong>\u00a0 Caixa de engrenagens<\/strong><\/td>\n<td colspan=\"1\" rowspan=\"1\" align=\"center\" valign=\"top\"><strong>Autom\u00e1tico de 6 velocidades<\/strong><\/td>\n<\/tr>\n<tr class=\"ue-table-interlace-color-double\">\n<td valign=\"top\" width=\"743\"><strong>\u00a0 Massa total (kg)<\/strong><\/td>\n<td align=\"center\" valign=\"top\" width=\"743\"><strong>7360<\/strong><\/td>\n<\/tr>\n<tr class=\"ue-table-interlace-color-single\">\n<td valign=\"top\" width=\"743\"><strong>\u00a0 Peso do meio-fio (kg)<\/strong><\/td>\n<td align=\"center\" valign=\"top\" width=\"743\"><strong>3770<\/strong><\/td>\n<\/tr>\n<tr class=\"ue-table-interlace-color-double\">\n<td colspan=\"1\" rowspan=\"1\" valign=\"top\"><strong>\u00a0 Velocidade m\u00e1xima (km\/h)<\/strong><\/td>\n<td colspan=\"1\" rowspan=\"1\" align=\"center\" valign=\"top\"><strong>110<\/strong><\/td>\n<\/tr>\n<tr class=\"ue-table-interlace-color-single\">\n<td colspan=\"1\" rowspan=\"1\" valign=\"top\"><strong>\u00a0 Especifica\u00e7\u00f5es dos pneus<\/strong><\/td>\n<td colspan=\"1\" rowspan=\"1\" align=\"center\" valign=\"top\"><strong>7,00R16<\/strong><\/td>\n<\/tr>\n<\/tbody>\n<\/table>\n<p><img fetchpriority=\"high\" decoding=\"async\" class=\"aligncenter wp-image-3967 size-full\" title=\"Diagrama de an\u00e1lise de cont\u00eaineres de salto\" src=\"https:\/\/klqcw.com\/wp-content\/uploads\/2025\/09\/6-250FQA100620.png\" alt=\"Diagrama de an\u00e1lise de cont\u00eaineres de salto\" width=\"1555\" height=\"1071\" srcset=\"https:\/\/klqcw.com\/wp-content\/uploads\/2025\/09\/6-250FQA100620.png 1555w, https:\/\/klqcw.com\/wp-content\/uploads\/2025\/09\/6-250FQA100620-300x207.png 300w, https:\/\/klqcw.com\/wp-content\/uploads\/2025\/09\/6-250FQA100620-1024x705.png 1024w, https:\/\/klqcw.com\/wp-content\/uploads\/2025\/09\/6-250FQA100620-768x529.png 768w, https:\/\/klqcw.com\/wp-content\/uploads\/2025\/09\/6-250FQA100620-1536x1058.png 1536w, https:\/\/klqcw.com\/wp-content\/uploads\/2025\/09\/6-250FQA100620-18x12.png 18w, https:\/\/klqcw.com\/wp-content\/uploads\/2025\/09\/6-250FQA100620-600x413.png 600w, https:\/\/klqcw.com\/wp-content\/uploads\/2025\/09\/6-250FQA100620-150x103.png 150w\" sizes=\"(max-width: 1555px) 100vw, 1555px\" \/> <img decoding=\"async\" class=\"aligncenter wp-image-3965 size-full\" title=\"gr\u00e1fico de cena de cont\u00eaineres de salto\" src=\"https:\/\/klqcw.com\/wp-content\/uploads\/2025\/09\/6-250FQ45533542.png\" alt=\"gr\u00e1fico de cena de cont\u00eaineres de salto\" width=\"1555\" height=\"2161\" srcset=\"https:\/\/klqcw.com\/wp-content\/uploads\/2025\/09\/6-250FQ45533542.png 1555w, https:\/\/klqcw.com\/wp-content\/uploads\/2025\/09\/6-250FQ45533542-216x300.png 216w, https:\/\/klqcw.com\/wp-content\/uploads\/2025\/09\/6-250FQ45533542-737x1024.png 737w, https:\/\/klqcw.com\/wp-content\/uploads\/2025\/09\/6-250FQ45533542-768x1067.png 768w, https:\/\/klqcw.com\/wp-content\/uploads\/2025\/09\/6-250FQ45533542-1105x1536.png 1105w, https:\/\/klqcw.com\/wp-content\/uploads\/2025\/09\/6-250FQ45533542-1474x2048.png 1474w, https:\/\/klqcw.com\/wp-content\/uploads\/2025\/09\/6-250FQ45533542-9x12.png 9w, https:\/\/klqcw.com\/wp-content\/uploads\/2025\/09\/6-250FQ45533542-600x834.png 600w, https:\/\/klqcw.com\/wp-content\/uploads\/2025\/09\/6-250FQ45533542-150x208.png 150w\" sizes=\"(max-width: 1555px) 100vw, 1555px\" \/> <img decoding=\"async\" class=\"aligncenter wp-image-3966 size-full\" title=\"Pe\u00e7as para cont\u00eaineres de lixo\" src=\"https:\/\/klqcw.com\/wp-content\/uploads\/2025\/09\/6-250FQ45541553.png\" alt=\"Pe\u00e7as para cont\u00eaineres de lixo\" width=\"1555\" height=\"2039\" srcset=\"https:\/\/klqcw.com\/wp-content\/uploads\/2025\/09\/6-250FQ45541553.png 1555w, https:\/\/klqcw.com\/wp-content\/uploads\/2025\/09\/6-250FQ45541553-229x300.png 229w, https:\/\/klqcw.com\/wp-content\/uploads\/2025\/09\/6-250FQ45541553-781x1024.png 781w, https:\/\/klqcw.com\/wp-content\/uploads\/2025\/09\/6-250FQ45541553-768x1007.png 768w, https:\/\/klqcw.com\/wp-content\/uploads\/2025\/09\/6-250FQ45541553-1171x1536.png 1171w, https:\/\/klqcw.com\/wp-content\/uploads\/2025\/09\/6-250FQ45541553-9x12.png 9w, https:\/\/klqcw.com\/wp-content\/uploads\/2025\/09\/6-250FQ45541553-600x787.png 600w, https:\/\/klqcw.com\/wp-content\/uploads\/2025\/09\/6-250FQ45541553-150x197.png 150w\" sizes=\"(max-width: 1555px) 100vw, 1555px\" \/> <img loading=\"lazy\" decoding=\"async\" class=\"aligncenter wp-image-3964 size-full\" title=\"Processo de produ\u00e7\u00e3o de cont\u00eaineres de ca\u00e7amba\" src=\"https:\/\/klqcw.com\/wp-content\/uploads\/2025\/09\/6-250F2103405637.png\" alt=\"Processo de produ\u00e7\u00e3o de cont\u00eaineres de ca\u00e7amba\" width=\"1555\" height=\"2086\" srcset=\"https:\/\/klqcw.com\/wp-content\/uploads\/2025\/09\/6-250F2103405637.png 1555w, https:\/\/klqcw.com\/wp-content\/uploads\/2025\/09\/6-250F2103405637-224x300.png 224w, https:\/\/klqcw.com\/wp-content\/uploads\/2025\/09\/6-250F2103405637-763x1024.png 763w, https:\/\/klqcw.com\/wp-content\/uploads\/2025\/09\/6-250F2103405637-768x1030.png 768w, https:\/\/klqcw.com\/wp-content\/uploads\/2025\/09\/6-250F2103405637-1145x1536.png 1145w, https:\/\/klqcw.com\/wp-content\/uploads\/2025\/09\/6-250F2103405637-1527x2048.png 1527w, https:\/\/klqcw.com\/wp-content\/uploads\/2025\/09\/6-250F2103405637-9x12.png 9w, https:\/\/klqcw.com\/wp-content\/uploads\/2025\/09\/6-250F2103405637-600x805.png 600w, https:\/\/klqcw.com\/wp-content\/uploads\/2025\/09\/6-250F2103405637-150x201.png 150w\" sizes=\"(max-width: 1555px) 100vw, 1555px\" \/><\/p>","protected":false},"excerpt":{"rendered":"<p>Compactador de lixo, Coletor de res\u00edduos, Compactador de lixo, Caminh\u00e3o compactador de res\u00edduos, Caminh\u00e3o compactador de lixo, Compactador de lixo, Caminh\u00e3o de coleta de lixo, Caminh\u00e3o compactador de lixo<\/p>","protected":false},"featured_media":3957,"template":"","meta":[],"product_brand":[],"product_cat":[192],"product_tag":[198,199],"class_list":{"0":"post-3956","1":"product","2":"type-product","3":"status-publish","4":"has-post-thumbnail","6":"product_cat-garbage-trucks","7":"product_tag-skip-containers","8":"product_tag-6m","10":"first","11":"instock","12":"shipping-taxable","13":"product-type-simple"},"_links":{"self":[{"href":"https:\/\/klqcw.com\/pt\/wp-json\/wp\/v2\/product\/3956","targetHints":{"allow":["GET"]}}],"collection":[{"href":"https:\/\/klqcw.com\/pt\/wp-json\/wp\/v2\/product"}],"about":[{"href":"https:\/\/klqcw.com\/pt\/wp-json\/wp\/v2\/types\/product"}],"version-history":[{"count":2,"href":"https:\/\/klqcw.com\/pt\/wp-json\/wp\/v2\/product\/3956\/revisions"}],"predecessor-version":[{"id":3969,"href":"https:\/\/klqcw.com\/pt\/wp-json\/wp\/v2\/product\/3956\/revisions\/3969"}],"wp:featuredmedia":[{"embeddable":true,"href":"https:\/\/klqcw.com\/pt\/wp-json\/wp\/v2\/media\/3957"}],"wp:attachment":[{"href":"https:\/\/klqcw.com\/pt\/wp-json\/wp\/v2\/media?parent=3956"}],"wp:term":[{"taxonomy":"product_brand","embeddable":true,"href":"https:\/\/klqcw.com\/pt\/wp-json\/wp\/v2\/product_brand?post=3956"},{"taxonomy":"product_cat","embeddable":true,"href":"https:\/\/klqcw.com\/pt\/wp-json\/wp\/v2\/product_cat?post=3956"},{"taxonomy":"product_tag","embeddable":true,"href":"https:\/\/klqcw.com\/pt\/wp-json\/wp\/v2\/product_tag?post=3956"}],"curies":[{"name":"wp","href":"https:\/\/api.w.org\/{rel}","templated":true}]}}