{"id":6463,"date":"2025-12-11T11:04:11","date_gmt":"2025-12-11T03:04:11","guid":{"rendered":"https:\/\/klqcw.com\/?post_type=product&#038;p=6463"},"modified":"2025-12-11T11:05:09","modified_gmt":"2025-12-11T03:05:09","slug":"5t-tow-truck-with-crane-howo","status":"publish","type":"product","link":"https:\/\/klqcw.com\/es\/5t-tow-truck-with-crane-howo.html","title":{"rendered":"Gr\u00faa de rescate 5T HOWO"},"content":{"rendered":"<p><img fetchpriority=\"high\" decoding=\"async\" class=\"aligncenter wp-image-6464\" src=\"https:\/\/klqcw.com\/wp-content\/uploads\/2025\/12\/\u6e05\u969c\u8f66\u8be6\u60c5\u9875_01.webp\" alt=\"\" width=\"1234\" height=\"1609\" srcset=\"https:\/\/klqcw.com\/wp-content\/uploads\/2025\/12\/\u6e05\u969c\u8f66\u8be6\u60c5\u9875_01.webp 790w, https:\/\/klqcw.com\/wp-content\/uploads\/2025\/12\/\u6e05\u969c\u8f66\u8be6\u60c5\u9875_01-230x300.webp 230w, https:\/\/klqcw.com\/wp-content\/uploads\/2025\/12\/\u6e05\u969c\u8f66\u8be6\u60c5\u9875_01-785x1024.webp 785w, https:\/\/klqcw.com\/wp-content\/uploads\/2025\/12\/\u6e05\u969c\u8f66\u8be6\u60c5\u9875_01-768x1001.webp 768w, https:\/\/klqcw.com\/wp-content\/uploads\/2025\/12\/\u6e05\u969c\u8f66\u8be6\u60c5\u9875_01-9x12.webp 9w, https:\/\/klqcw.com\/wp-content\/uploads\/2025\/12\/\u6e05\u969c\u8f66\u8be6\u60c5\u9875_01-600x782.webp 600w, https:\/\/klqcw.com\/wp-content\/uploads\/2025\/12\/\u6e05\u969c\u8f66\u8be6\u60c5\u9875_01-150x196.webp 150w\" sizes=\"(max-width: 1234px) 100vw, 1234px\" \/><\/p>\n<h1 style=\"text-align: center;\">PAR\u00c1METROS DEL PRODUCTO<\/h1>\n<p><img decoding=\"async\" class=\"aligncenter wp-image-6465\" src=\"https:\/\/klqcw.com\/wp-content\/uploads\/2025\/12\/\u6e05\u969c\u8f66\u8be6\u60c5\u9875_03.webp\" alt=\"\" width=\"1234\" height=\"481\" srcset=\"https:\/\/klqcw.com\/wp-content\/uploads\/2025\/12\/\u6e05\u969c\u8f66\u8be6\u60c5\u9875_03.webp 790w, https:\/\/klqcw.com\/wp-content\/uploads\/2025\/12\/\u6e05\u969c\u8f66\u8be6\u60c5\u9875_03-300x117.webp 300w, https:\/\/klqcw.com\/wp-content\/uploads\/2025\/12\/\u6e05\u969c\u8f66\u8be6\u60c5\u9875_03-768x299.webp 768w, https:\/\/klqcw.com\/wp-content\/uploads\/2025\/12\/\u6e05\u969c\u8f66\u8be6\u60c5\u9875_03-18x7.webp 18w, https:\/\/klqcw.com\/wp-content\/uploads\/2025\/12\/\u6e05\u969c\u8f66\u8be6\u60c5\u9875_03-600x234.webp 600w, https:\/\/klqcw.com\/wp-content\/uploads\/2025\/12\/\u6e05\u969c\u8f66\u8be6\u60c5\u9875_03-150x58.webp 150w\" sizes=\"(max-width: 1234px) 100vw, 1234px\" \/><\/p>\n<h2 style=\"text-align: center;\">Gr\u00faa de rescate 5T HOWO<\/h2>\n<table>\n<tbody>\n<tr>\n<td width=\"86\"><strong>proyecto<\/strong><\/td>\n<td width=\"308\"><strong>Descripciones<\/strong><\/td>\n<td width=\"305\"><strong>Presupuesto<\/strong><\/td>\n<\/tr>\n<tr>\n<td rowspan=\"3\" width=\"86\"><strong>General<\/strong><\/td>\n<td width=\"308\"><strong>Dimensiones totales (mm)<\/strong><\/td>\n<td width=\"305\"><strong>11030x2550x3780<\/strong><\/td>\n<\/tr>\n<tr>\n<td width=\"308\"><strong>peso en vac\u00edo (Kg)<\/strong><\/td>\n<td width=\"305\"><strong>15500<\/strong><\/td>\n<\/tr>\n<tr>\n<td width=\"308\"><strong>Masa total (Kg)<\/strong><\/td>\n<td width=\"305\"><strong>25800<\/strong><\/td>\n<\/tr>\n<tr>\n<td rowspan=\"6\" width=\"86\"><strong>Cuerpo<\/strong><\/td>\n<td width=\"308\"><strong>Dimensiones de la plataforma (mm)<\/strong><\/td>\n<td width=\"305\"><strong>7200&#215;2550<\/strong><\/td>\n<\/tr>\n<tr>\n<td width=\"308\"><strong>Material de cama plana<\/strong><\/td>\n<td width=\"305\"><strong>Q235<\/strong><\/td>\n<\/tr>\n<tr>\n<td width=\"308\"><strong>\u00a0Espesor de la placa de patr\u00f3n (mm)<\/strong><\/td>\n<td width=\"305\"><strong>8<\/strong><\/td>\n<\/tr>\n<tr>\n<td width=\"308\"><strong>Carga m\u00e1xima de plataforma (kg)<\/strong><\/td>\n<td width=\"305\"><strong>10000<\/strong><\/td>\n<\/tr>\n<tr>\n<td width=\"308\"><strong>Capacidad m\u00e1xima de elevaci\u00f3n (Kg)<\/strong><\/td>\n<td width=\"305\"><strong>10000<\/strong><\/td>\n<\/tr>\n<tr>\n<td width=\"308\"><strong>Capacidad de tracci\u00f3n del cabrestante (Kg)<\/strong><\/td>\n<td width=\"305\"><strong>8000<\/strong><\/td>\n<\/tr>\n<tr>\n<td rowspan=\"7\" width=\"86\"><strong>Chasis<\/strong><\/p>\n<p>&nbsp;<\/td>\n<td width=\"308\"><strong>Marca del chasis<\/strong><\/td>\n<td width=\"305\"><strong>C\u00d3MO<\/strong><\/td>\n<\/tr>\n<tr>\n<td width=\"308\"><strong>Formulario de conductor<\/strong><\/td>\n<td width=\"305\"><strong>4\u00d72<\/strong><\/td>\n<\/tr>\n<tr>\n<td width=\"308\"><strong>Volante<\/strong><\/td>\n<td width=\"305\"><strong>Conducci\u00f3n con volante a la izquierda<\/strong><\/td>\n<\/tr>\n<tr>\n<td width=\"308\"><strong>Marca y modelo del motor<\/strong><\/td>\n<td width=\"305\"><strong>Weichai\u00a0 WP6H245E61<\/strong><\/td>\n<\/tr>\n<tr>\n<td width=\"308\"><strong>Potencia m\u00e1xima del motor (kW)<\/strong><\/td>\n<td width=\"305\"><strong>180<\/strong><\/td>\n<\/tr>\n<tr>\n<td width=\"308\"><strong>Normas de emisi\u00f3n<\/strong><\/td>\n<td width=\"305\"><strong>Euro 4<\/strong><\/td>\n<\/tr>\n<tr>\n<td width=\"308\"><strong>Caja de cambios<\/strong><\/td>\n<td width=\"305\"><strong>8-speed gearbox<\/strong><\/td>\n<\/tr>\n<\/tbody>\n<\/table>\n<h1 style=\"text-align: center;\">VENTAJAS DEL VEH\u00cdCULO<\/h1>\n<h2 style=\"text-align: center;\">POTENTE CONFIGURACI\u00d3N DE REMOLQUE<\/h2>\n<p><img decoding=\"async\" class=\"aligncenter wp-image-6466\" src=\"https:\/\/klqcw.com\/wp-content\/uploads\/2025\/12\/\u6e05\u969c\u8f66\u8be6\u60c5\u9875_05.webp\" alt=\"\" width=\"1234\" height=\"2024\" srcset=\"https:\/\/klqcw.com\/wp-content\/uploads\/2025\/12\/\u6e05\u969c\u8f66\u8be6\u60c5\u9875_05.webp 790w, https:\/\/klqcw.com\/wp-content\/uploads\/2025\/12\/\u6e05\u969c\u8f66\u8be6\u60c5\u9875_05-183x300.webp 183w, https:\/\/klqcw.com\/wp-content\/uploads\/2025\/12\/\u6e05\u969c\u8f66\u8be6\u60c5\u9875_05-624x1024.webp 624w, https:\/\/klqcw.com\/wp-content\/uploads\/2025\/12\/\u6e05\u969c\u8f66\u8be6\u60c5\u9875_05-768x1260.webp 768w, https:\/\/klqcw.com\/wp-content\/uploads\/2025\/12\/\u6e05\u969c\u8f66\u8be6\u60c5\u9875_05-7x12.webp 7w, https:\/\/klqcw.com\/wp-content\/uploads\/2025\/12\/\u6e05\u969c\u8f66\u8be6\u60c5\u9875_05-600x984.webp 600w, https:\/\/klqcw.com\/wp-content\/uploads\/2025\/12\/\u6e05\u969c\u8f66\u8be6\u60c5\u9875_05-150x246.webp 150w\" sizes=\"(max-width: 1234px) 100vw, 1234px\" \/><\/p>\n<p>1. Estructura de fijaci\u00f3n de alambre de acero<br \/>\n2. Cabrestante hidr\u00e1ulico<br \/>\n3. Polea de alambre de acero<br \/>\n4. Rueda tensora de alambre de acero<br \/>\n5. Gancho principal<br \/>\n6. Brazo de remolque trasero<\/p>\n<h1 style=\"text-align: center;\">SISTEMA HIDR\u00c1ULICO<\/h1>\n<p><img loading=\"lazy\" decoding=\"async\" class=\"aligncenter wp-image-6467\" src=\"https:\/\/klqcw.com\/wp-content\/uploads\/2025\/12\/\u6e05\u969c\u8f66\u8be6\u60c5\u9875_07.webp\" alt=\"\" width=\"1234\" height=\"1906\" srcset=\"https:\/\/klqcw.com\/wp-content\/uploads\/2025\/12\/\u6e05\u969c\u8f66\u8be6\u60c5\u9875_07.webp 790w, https:\/\/klqcw.com\/wp-content\/uploads\/2025\/12\/\u6e05\u969c\u8f66\u8be6\u60c5\u9875_07-194x300.webp 194w, https:\/\/klqcw.com\/wp-content\/uploads\/2025\/12\/\u6e05\u969c\u8f66\u8be6\u60c5\u9875_07-663x1024.webp 663w, https:\/\/klqcw.com\/wp-content\/uploads\/2025\/12\/\u6e05\u969c\u8f66\u8be6\u60c5\u9875_07-768x1186.webp 768w, https:\/\/klqcw.com\/wp-content\/uploads\/2025\/12\/\u6e05\u969c\u8f66\u8be6\u60c5\u9875_07-8x12.webp 8w, https:\/\/klqcw.com\/wp-content\/uploads\/2025\/12\/\u6e05\u969c\u8f66\u8be6\u60c5\u9875_07-600x927.webp 600w, https:\/\/klqcw.com\/wp-content\/uploads\/2025\/12\/\u6e05\u969c\u8f66\u8be6\u60c5\u9875_07-150x232.webp 150w\" sizes=\"(max-width: 1234px) 100vw, 1234px\" \/><\/p>\n<p>1. Bomba de aceite hidr\u00e1ulica: Resistente al impacto y a la alta presi\u00f3n, tiene una potencia de salida estable y puede responder r\u00e1pidamente a los comandos de acci\u00f3n del cabrestante y del brazo de remolque, evitando atascos operativos.<br \/>\n2. Tanque de aceite hidr\u00e1ulico: Equipado con una pantalla de filtro interna y un elemento de filtro de succi\u00f3n de aceite para evitar que las impurezas ingresen al circuito de aceite.<br \/>\n3. Hydraulic cylinder: lt has excellent sealing performance, is wear &#8211; resis-tant and corrosion &#8211; resistant, can withstand the high pressure and impactforce during operation, and ensures smooth and precise lifting and towingactions.<br \/>\nTRUG<br \/>\n4. Hydraulic oil pipe: High &#8211; pressure steel &#8211; wire braided rubber hoses areused, and some outer layers are equipped with protective sleeves to en-hance durability.<br \/>\n5.High &#8211; quality multi -way valve: The operation is smooth withoutjam-ming, and it can achieve fine &#8211; control adjustment of actions. lt has excellentsealing performance, is resistant to high pressure and wear &#8211; resistant, andR0has a long service life.<\/p>\n<h1 style=\"text-align: center;\">PODER PODEROSO<\/h1>\n<p><img loading=\"lazy\" decoding=\"async\" class=\"aligncenter wp-image-6468\" src=\"https:\/\/klqcw.com\/wp-content\/uploads\/2025\/12\/\u6e05\u969c\u8f66\u8be6\u60c5\u9875_09.webp\" alt=\"\" width=\"1234\" height=\"1731\" srcset=\"https:\/\/klqcw.com\/wp-content\/uploads\/2025\/12\/\u6e05\u969c\u8f66\u8be6\u60c5\u9875_09.webp 790w, https:\/\/klqcw.com\/wp-content\/uploads\/2025\/12\/\u6e05\u969c\u8f66\u8be6\u60c5\u9875_09-214x300.webp 214w, https:\/\/klqcw.com\/wp-content\/uploads\/2025\/12\/\u6e05\u969c\u8f66\u8be6\u60c5\u9875_09-730x1024.webp 730w, https:\/\/klqcw.com\/wp-content\/uploads\/2025\/12\/\u6e05\u969c\u8f66\u8be6\u60c5\u9875_09-768x1077.webp 768w, https:\/\/klqcw.com\/wp-content\/uploads\/2025\/12\/\u6e05\u969c\u8f66\u8be6\u60c5\u9875_09-9x12.webp 9w, https:\/\/klqcw.com\/wp-content\/uploads\/2025\/12\/\u6e05\u969c\u8f66\u8be6\u60c5\u9875_09-600x842.webp 600w, https:\/\/klqcw.com\/wp-content\/uploads\/2025\/12\/\u6e05\u969c\u8f66\u8be6\u60c5\u9875_09-150x210.webp 150w\" sizes=\"(max-width: 1234px) 100vw, 1234px\" \/><\/p>\n<p>1.Full &#8211; power power take &#8211; off: lt offers more sufficient power output, hasprecise linkage with the hydraulic system, is convenient to operate and hasa low failure rate.<br \/>\n2. Motor de alta potencia: su alto torque proporciona una amplia base de potencia para la toma de fuerza y \u200b\u200bel sistema hidr\u00e1ulico, lo que permite un remolque y una elevaci\u00f3n m\u00e1s potentes.<\/p>\n<h1 style=\"text-align: center;\">DIVERSIDAD DE ESTRUCTURAS DE PLACA PLANA<\/h1>\n<p><img loading=\"lazy\" decoding=\"async\" class=\"aligncenter wp-image-6469\" src=\"https:\/\/klqcw.com\/wp-content\/uploads\/2025\/12\/\u6e05\u969c\u8f66\u8be6\u60c5\u9875_11.webp\" alt=\"\" width=\"1234\" height=\"956\" srcset=\"https:\/\/klqcw.com\/wp-content\/uploads\/2025\/12\/\u6e05\u969c\u8f66\u8be6\u60c5\u9875_11.webp 790w, https:\/\/klqcw.com\/wp-content\/uploads\/2025\/12\/\u6e05\u969c\u8f66\u8be6\u60c5\u9875_11-300x232.webp 300w, https:\/\/klqcw.com\/wp-content\/uploads\/2025\/12\/\u6e05\u969c\u8f66\u8be6\u60c5\u9875_11-768x595.webp 768w, https:\/\/klqcw.com\/wp-content\/uploads\/2025\/12\/\u6e05\u969c\u8f66\u8be6\u60c5\u9875_11-15x12.webp 15w, https:\/\/klqcw.com\/wp-content\/uploads\/2025\/12\/\u6e05\u969c\u8f66\u8be6\u60c5\u9875_11-600x465.webp 600w, https:\/\/klqcw.com\/wp-content\/uploads\/2025\/12\/\u6e05\u969c\u8f66\u8be6\u60c5\u9875_11-150x116.webp 150w\" sizes=\"(max-width: 1234px) 100vw, 1234px\" \/><\/p>\n<p>1. Full &#8211; landing flat &#8211; bed tow truck: The flat bed can fully land on theground. When rescuing vehicles with a low chassis, it reduces the difficultyfor the vehicle to get onto the flat bed and minimizes damage to the faultyvehicle.<br \/>\n2. Flat &#8211; bed tow truck with a tail -board: Aretractable tail &#8211; board is addedat the rear. lt can reduce the slope between the flat bed and the ground,making it easier for the faulty vehicle to get onto the flat bed.<br \/>\n3. Flat &#8211; bed tow truck with a crane: A crane is installed, which can be usedto lift faulty vehicles that have fallen into ditches or rivers and are difficultto handle with the flat &#8211; bed towing method.<br \/>\n4. Flat &#8211; bed tow truck: lt is used to tow or carry faulty vehicles through theflat bed. The flat bed can be lifted and tilted through the hydraulic system, fRucfacilitating the vehicle to get on and off the flat bed.<\/p>\n<h1 style=\"text-align: center;\">F\u00c1CIL DE OPERAR<\/h1>\n<p><img loading=\"lazy\" decoding=\"async\" class=\"aligncenter wp-image-6470\" src=\"https:\/\/klqcw.com\/wp-content\/uploads\/2025\/12\/\u6e05\u969c\u8f66\u8be6\u60c5\u9875_13.webp\" alt=\"\" width=\"1234\" height=\"1418\" srcset=\"https:\/\/klqcw.com\/wp-content\/uploads\/2025\/12\/\u6e05\u969c\u8f66\u8be6\u60c5\u9875_13.webp 790w, https:\/\/klqcw.com\/wp-content\/uploads\/2025\/12\/\u6e05\u969c\u8f66\u8be6\u60c5\u9875_13-261x300.webp 261w, https:\/\/klqcw.com\/wp-content\/uploads\/2025\/12\/\u6e05\u969c\u8f66\u8be6\u60c5\u9875_13-768x883.webp 768w, https:\/\/klqcw.com\/wp-content\/uploads\/2025\/12\/\u6e05\u969c\u8f66\u8be6\u60c5\u9875_13-10x12.webp 10w, https:\/\/klqcw.com\/wp-content\/uploads\/2025\/12\/\u6e05\u969c\u8f66\u8be6\u60c5\u9875_13-600x690.webp 600w, https:\/\/klqcw.com\/wp-content\/uploads\/2025\/12\/\u6e05\u969c\u8f66\u8be6\u60c5\u9875_13-150x172.webp 150w\" sizes=\"(max-width: 1234px) 100vw, 1234px\" \/><\/p>\n<p>1. Palanca de operaci\u00f3n directa: El dise\u00f1o de la palanca de operaci\u00f3n es ergon\u00f3mico, con un agarre c\u00f3modo y un recorrido apropiado. Puede controlar con precisi\u00f3n la amplitud de la acci\u00f3n y evitar el impacto operativo.<br \/>\n2. Control remoto inal\u00e1mbrico: Los operadores pueden mantenerse alejados del \u00e1rea de operaci\u00f3n peligrosa para evitar riesgos. Cuentan con un campo de visi\u00f3n m\u00e1s amplio, lo cual facilita la observaci\u00f3n de los detalles de la operaci\u00f3n y mejora la precisi\u00f3n.<\/p>\n<h1 style=\"text-align: center;\">PROCESO DE PRODUCCI\u00d3N<\/h1>\n<p><img loading=\"lazy\" decoding=\"async\" class=\"aligncenter wp-image-6471\" src=\"https:\/\/klqcw.com\/wp-content\/uploads\/2025\/12\/\u6e05\u969c\u8f66\u8be6\u60c5\u9875_15.webp\" alt=\"\" width=\"1234\" height=\"2812\" srcset=\"https:\/\/klqcw.com\/wp-content\/uploads\/2025\/12\/\u6e05\u969c\u8f66\u8be6\u60c5\u9875_15.webp 790w, https:\/\/klqcw.com\/wp-content\/uploads\/2025\/12\/\u6e05\u969c\u8f66\u8be6\u60c5\u9875_15-132x300.webp 132w, https:\/\/klqcw.com\/wp-content\/uploads\/2025\/12\/\u6e05\u969c\u8f66\u8be6\u60c5\u9875_15-449x1024.webp 449w, https:\/\/klqcw.com\/wp-content\/uploads\/2025\/12\/\u6e05\u969c\u8f66\u8be6\u60c5\u9875_15-768x1750.webp 768w, https:\/\/klqcw.com\/wp-content\/uploads\/2025\/12\/\u6e05\u969c\u8f66\u8be6\u60c5\u9875_15-674x1536.webp 674w, https:\/\/klqcw.com\/wp-content\/uploads\/2025\/12\/\u6e05\u969c\u8f66\u8be6\u60c5\u9875_15-5x12.webp 5w, https:\/\/klqcw.com\/wp-content\/uploads\/2025\/12\/\u6e05\u969c\u8f66\u8be6\u60c5\u9875_15-600x1367.webp 600w, https:\/\/klqcw.com\/wp-content\/uploads\/2025\/12\/\u6e05\u969c\u8f66\u8be6\u60c5\u9875_15-150x342.webp 150w\" sizes=\"(max-width: 1234px) 100vw, 1234px\" \/> <img loading=\"lazy\" decoding=\"async\" class=\"aligncenter wp-image-6472\" src=\"https:\/\/klqcw.com\/wp-content\/uploads\/2025\/12\/\u6e05\u969c\u8f66\u8be6\u60c5\u9875_16.webp\" alt=\"\" width=\"1234\" height=\"3786\" srcset=\"https:\/\/klqcw.com\/wp-content\/uploads\/2025\/12\/\u6e05\u969c\u8f66\u8be6\u60c5\u9875_16.webp 790w, https:\/\/klqcw.com\/wp-content\/uploads\/2025\/12\/\u6e05\u969c\u8f66\u8be6\u60c5\u9875_16-98x300.webp 98w, https:\/\/klqcw.com\/wp-content\/uploads\/2025\/12\/\u6e05\u969c\u8f66\u8be6\u60c5\u9875_16-334x1024.webp 334w, https:\/\/klqcw.com\/wp-content\/uploads\/2025\/12\/\u6e05\u969c\u8f66\u8be6\u60c5\u9875_16-768x2356.webp 768w, https:\/\/klqcw.com\/wp-content\/uploads\/2025\/12\/\u6e05\u969c\u8f66\u8be6\u60c5\u9875_16-501x1536.webp 501w, https:\/\/klqcw.com\/wp-content\/uploads\/2025\/12\/\u6e05\u969c\u8f66\u8be6\u60c5\u9875_16-4x12.webp 4w, https:\/\/klqcw.com\/wp-content\/uploads\/2025\/12\/\u6e05\u969c\u8f66\u8be6\u60c5\u9875_16-600x1841.webp 600w, https:\/\/klqcw.com\/wp-content\/uploads\/2025\/12\/\u6e05\u969c\u8f66\u8be6\u60c5\u9875_16-150x460.webp 150w\" sizes=\"(max-width: 1234px) 100vw, 1234px\" \/><\/p>\n<p>1. Preparation of sub &#8211; frame, gantry frame and tow arm materials<br \/>\n2. Preparation of flat &#8211; bed materials<br \/>\n3. Preparaci\u00f3n y producci\u00f3n de protectores laterales, guardabarros y materiales accesorios.<br \/>\n4. Welding of flat &#8211; bed and gantry frame<br \/>\n5. Assembly of sub &#8211; frame, rear tow arm and accessories<br \/>\n6.Instalaci\u00f3n de la superestructura de la plataforma<br \/>\n7. Pintura de todo el veh\u00edculo<br \/>\n8. Finalizaci\u00f3n de la producci\u00f3n del veh\u00edculo<\/p>\n<h1 style=\"text-align: center;\">ESCENARIOS DE APLICACI\u00d3N<\/h1>\n<p><img loading=\"lazy\" decoding=\"async\" class=\"aligncenter wp-image-6473\" src=\"https:\/\/klqcw.com\/wp-content\/uploads\/2025\/12\/\u6e05\u969c\u8f66\u8be6\u60c5\u9875_18.webp\" alt=\"\" width=\"1234\" height=\"2374\" srcset=\"https:\/\/klqcw.com\/wp-content\/uploads\/2025\/12\/\u6e05\u969c\u8f66\u8be6\u60c5\u9875_18.webp 790w, https:\/\/klqcw.com\/wp-content\/uploads\/2025\/12\/\u6e05\u969c\u8f66\u8be6\u60c5\u9875_18-156x300.webp 156w, https:\/\/klqcw.com\/wp-content\/uploads\/2025\/12\/\u6e05\u969c\u8f66\u8be6\u60c5\u9875_18-532x1024.webp 532w, https:\/\/klqcw.com\/wp-content\/uploads\/2025\/12\/\u6e05\u969c\u8f66\u8be6\u60c5\u9875_18-768x1478.webp 768w, https:\/\/klqcw.com\/wp-content\/uploads\/2025\/12\/\u6e05\u969c\u8f66\u8be6\u60c5\u9875_18-6x12.webp 6w, https:\/\/klqcw.com\/wp-content\/uploads\/2025\/12\/\u6e05\u969c\u8f66\u8be6\u60c5\u9875_18-600x1154.webp 600w, https:\/\/klqcw.com\/wp-content\/uploads\/2025\/12\/\u6e05\u969c\u8f66\u8be6\u60c5\u9875_18-150x289.webp 150w\" sizes=\"(max-width: 1234px) 100vw, 1234px\" \/><\/p>\n<h1 style=\"text-align: center;\">EMBALAJE Y TRANSPORTE<\/h1>\n<p><img loading=\"lazy\" decoding=\"async\" class=\"aligncenter wp-image-6474\" src=\"https:\/\/klqcw.com\/wp-content\/uploads\/2025\/12\/\u6e05\u969c\u8f66\u8be6\u60c5\u9875_20.webp\" alt=\"\" width=\"1234\" height=\"2577\" srcset=\"https:\/\/klqcw.com\/wp-content\/uploads\/2025\/12\/\u6e05\u969c\u8f66\u8be6\u60c5\u9875_20.webp 790w, https:\/\/klqcw.com\/wp-content\/uploads\/2025\/12\/\u6e05\u969c\u8f66\u8be6\u60c5\u9875_20-144x300.webp 144w, https:\/\/klqcw.com\/wp-content\/uploads\/2025\/12\/\u6e05\u969c\u8f66\u8be6\u60c5\u9875_20-490x1024.webp 490w, https:\/\/klqcw.com\/wp-content\/uploads\/2025\/12\/\u6e05\u969c\u8f66\u8be6\u60c5\u9875_20-768x1604.webp 768w, https:\/\/klqcw.com\/wp-content\/uploads\/2025\/12\/\u6e05\u969c\u8f66\u8be6\u60c5\u9875_20-735x1536.webp 735w, https:\/\/klqcw.com\/wp-content\/uploads\/2025\/12\/\u6e05\u969c\u8f66\u8be6\u60c5\u9875_20-6x12.webp 6w, https:\/\/klqcw.com\/wp-content\/uploads\/2025\/12\/\u6e05\u969c\u8f66\u8be6\u60c5\u9875_20-600x1253.webp 600w, https:\/\/klqcw.com\/wp-content\/uploads\/2025\/12\/\u6e05\u969c\u8f66\u8be6\u60c5\u9875_20-150x313.webp 150w\" sizes=\"(max-width: 1234px) 100vw, 1234px\" \/><\/p>","protected":false},"excerpt":{"rendered":"<p>PRODUCT PARAMETERS 5T Tow Truck With Crane HOWO project Descriptions Specifications General Overall dimensions(mm) 11030x2550x3780 curb weight(Kg) 15500 Total mass(Kg)<\/p>","protected":false},"featured_media":6475,"template":"","meta":[],"product_brand":[217,220],"product_cat":[174],"product_tag":[253,254,337],"class_list":{"0":"post-6463","1":"product","2":"type-product","3":"status-publish","4":"has-post-thumbnail","6":"product_brand-sinotruk","7":"product_brand-howo","8":"product_cat-tow-trucks","9":"product_tag-car-recovery","10":"product_tag-rollback-truck","11":"product_tag-wrecker-truck","13":"first","14":"instock","15":"shipping-taxable","16":"product-type-simple"},"_links":{"self":[{"href":"https:\/\/klqcw.com\/es\/wp-json\/wp\/v2\/product\/6463","targetHints":{"allow":["GET"]}}],"collection":[{"href":"https:\/\/klqcw.com\/es\/wp-json\/wp\/v2\/product"}],"about":[{"href":"https:\/\/klqcw.com\/es\/wp-json\/wp\/v2\/types\/product"}],"version-history":[{"count":1,"href":"https:\/\/klqcw.com\/es\/wp-json\/wp\/v2\/product\/6463\/revisions"}],"predecessor-version":[{"id":6481,"href":"https:\/\/klqcw.com\/es\/wp-json\/wp\/v2\/product\/6463\/revisions\/6481"}],"wp:featuredmedia":[{"embeddable":true,"href":"https:\/\/klqcw.com\/es\/wp-json\/wp\/v2\/media\/6475"}],"wp:attachment":[{"href":"https:\/\/klqcw.com\/es\/wp-json\/wp\/v2\/media?parent=6463"}],"wp:term":[{"taxonomy":"product_brand","embeddable":true,"href":"https:\/\/klqcw.com\/es\/wp-json\/wp\/v2\/product_brand?post=6463"},{"taxonomy":"product_cat","embeddable":true,"href":"https:\/\/klqcw.com\/es\/wp-json\/wp\/v2\/product_cat?post=6463"},{"taxonomy":"product_tag","embeddable":true,"href":"https:\/\/klqcw.com\/es\/wp-json\/wp\/v2\/product_tag?post=6463"}],"curies":[{"name":"wp","href":"https:\/\/api.w.org\/{rel}","templated":true}]}}