{"id":6391,"date":"2025-12-02T11:59:38","date_gmt":"2025-12-02T03:59:38","guid":{"rendered":"https:\/\/klqcw.com\/?post_type=product&#038;p=6391"},"modified":"2025-12-20T11:20:42","modified_gmt":"2025-12-20T03:20:42","slug":"2-3m%c2%b3-refueling-truck-dongfeng","status":"publish","type":"product","link":"https:\/\/klqcw.com\/es\/2-3m%C2%B3-refueling-truck-dongfeng.html","title":{"rendered":"Cami\u00f3n de reabastecimiento de 2,3 m\u00b3 Dongfeng"},"content":{"rendered":"<p><img fetchpriority=\"high\" decoding=\"async\" class=\"aligncenter wp-image-6392\" src=\"https:\/\/klqcw.com\/wp-content\/uploads\/2025\/12\/\u6574\u8f66\u6d77\u62a5_01.webp\" alt=\"\" width=\"1234\" height=\"1598\" srcset=\"https:\/\/klqcw.com\/wp-content\/uploads\/2025\/12\/\u6574\u8f66\u6d77\u62a5_01.webp 790w, https:\/\/klqcw.com\/wp-content\/uploads\/2025\/12\/\u6574\u8f66\u6d77\u62a5_01-232x300.webp 232w, https:\/\/klqcw.com\/wp-content\/uploads\/2025\/12\/\u6574\u8f66\u6d77\u62a5_01-768x995.webp 768w, https:\/\/klqcw.com\/wp-content\/uploads\/2025\/12\/\u6574\u8f66\u6d77\u62a5_01-9x12.webp 9w, https:\/\/klqcw.com\/wp-content\/uploads\/2025\/12\/\u6574\u8f66\u6d77\u62a5_01-600x777.webp 600w, https:\/\/klqcw.com\/wp-content\/uploads\/2025\/12\/\u6574\u8f66\u6d77\u62a5_01-150x194.webp 150w\" sizes=\"(max-width: 1234px) 100vw, 1234px\" \/><\/p>\n<h1 style=\"text-align: center;\">PAR\u00c1METROS DEL PRODUCTO<\/h1>\n<p><img decoding=\"async\" class=\"aligncenter wp-image-6393\" src=\"https:\/\/klqcw.com\/wp-content\/uploads\/2025\/12\/\u6574\u8f66\u6d77\u62a5_03.webp\" alt=\"\" width=\"1234\" height=\"480\" srcset=\"https:\/\/klqcw.com\/wp-content\/uploads\/2025\/12\/\u6574\u8f66\u6d77\u62a5_03.webp 790w, https:\/\/klqcw.com\/wp-content\/uploads\/2025\/12\/\u6574\u8f66\u6d77\u62a5_03-300x117.webp 300w, https:\/\/klqcw.com\/wp-content\/uploads\/2025\/12\/\u6574\u8f66\u6d77\u62a5_03-768x298.webp 768w, https:\/\/klqcw.com\/wp-content\/uploads\/2025\/12\/\u6574\u8f66\u6d77\u62a5_03-18x7.webp 18w, https:\/\/klqcw.com\/wp-content\/uploads\/2025\/12\/\u6574\u8f66\u6d77\u62a5_03-600x233.webp 600w, https:\/\/klqcw.com\/wp-content\/uploads\/2025\/12\/\u6574\u8f66\u6d77\u62a5_03-150x58.webp 150w\" sizes=\"(max-width: 1234px) 100vw, 1234px\" \/><\/p>\n<h2 style=\"text-align: center;\">Cami\u00f3n de reabastecimiento de 2,3 m\u00b3 Dongfeng<\/h2>\n<table>\n<tbody>\n<tr>\n<td width=\"85\"><strong>proyecto<\/strong><\/td>\n<td width=\"296\"><strong>Descripciones<\/strong><\/td>\n<td width=\"317\"><strong>Presupuesto<\/strong><\/td>\n<\/tr>\n<tr>\n<td rowspan=\"4\" width=\"85\"><strong>General<\/strong><\/td>\n<td width=\"296\"><strong>Dimensiones totales (mm)<\/strong><\/td>\n<td width=\"317\"><strong>5700\u00d72090\u00d72350<\/strong><\/td>\n<\/tr>\n<tr>\n<td width=\"296\"><strong>peso en vac\u00edo (Kg)<\/strong><\/td>\n<td width=\"317\"><strong>2855<\/strong><\/td>\n<\/tr>\n<tr>\n<td width=\"296\"><strong>Capacidad de carga (Kg)<\/strong><\/td>\n<td width=\"317\"><strong>1510<\/strong><\/td>\n<\/tr>\n<tr>\n<td width=\"296\"><strong>Masa total (Kg)<\/strong><\/td>\n<td width=\"317\"><strong>4495<\/strong><\/td>\n<\/tr>\n<tr>\n<td rowspan=\"4\" width=\"85\"><strong>Cuerpo<\/strong><\/td>\n<td width=\"296\"><strong>Tama\u00f1o del tanque<\/strong><\/td>\n<td width=\"317\"><strong>3200\u00d71150\u00d7860<\/strong><\/td>\n<\/tr>\n<tr>\n<td width=\"296\"><strong>Material del tanque<\/strong><\/td>\n<td width=\"317\"><strong>Q235<\/strong><\/td>\n<\/tr>\n<tr>\n<td width=\"296\"><strong>\u00a0Espesor del tanque (mm)<\/strong><\/td>\n<td width=\"317\"><strong>5<\/strong><\/td>\n<\/tr>\n<tr>\n<td width=\"296\"><strong>Volumen del tanque (L)<\/strong><\/td>\n<td width=\"317\"><strong>23000<\/strong><\/td>\n<\/tr>\n<tr>\n<td rowspan=\"6\" width=\"85\"><strong>Chasis<\/strong><\/p>\n<p>&nbsp;<\/td>\n<td width=\"296\"><strong>Marca del chasis<\/strong><\/td>\n<td width=\"317\"><strong>DONGFENG<\/strong><\/td>\n<\/tr>\n<tr>\n<td width=\"296\"><strong>Formulario de conductor<\/strong><\/td>\n<td width=\"317\"><strong>4\u00d72<\/strong><\/td>\n<\/tr>\n<tr>\n<td width=\"296\"><strong>Volante<\/strong><\/td>\n<td width=\"317\"><strong>Conducci\u00f3n con volante a la izquierda<\/strong><\/td>\n<\/tr>\n<tr>\n<td width=\"296\"><strong>Marca y modelo del motor<\/strong><\/td>\n<td width=\"317\"><strong>Q23-132E60<\/strong><\/td>\n<\/tr>\n<tr>\n<td width=\"296\"><strong>Potencia m\u00e1xima del motor (kW)<\/strong><\/td>\n<td width=\"317\"><strong>97<\/strong><\/td>\n<\/tr>\n<tr>\n<td width=\"296\"><strong>Caja de cambios<\/strong><\/td>\n<td width=\"317\"><strong>5-speed gearbox<\/strong><\/td>\n<\/tr>\n<\/tbody>\n<\/table>\n<h1 style=\"text-align: center;\">VENTAJAS DEL VEH\u00cdCULO<\/h1>\n<h4 style=\"text-align: center;\">MATERIAL Y DISE\u00d1O DE LA CAJA<\/h4>\n<p style=\"text-align: center;\"><img decoding=\"async\" class=\"aligncenter wp-image-6375\" src=\"https:\/\/klqcw.com\/wp-content\/uploads\/2025\/12\/%E6%B2%B9%E7%BD%90%E8%BD%A6%E8%AF%A6%E6%83%85%E8%BD%A6_05.webp\" sizes=\"(max-width: 1234px) 100vw, 1234px\" srcset=\"https:\/\/klqcw.com\/wp-content\/uploads\/2025\/12\/\u6cb9\u7f50\u8f66\u8be6\u60c5\u8f66_05.webp 790w, https:\/\/klqcw.com\/wp-content\/uploads\/2025\/12\/\u6cb9\u7f50\u8f66\u8be6\u60c5\u8f66_05-126x300.webp 126w, https:\/\/klqcw.com\/wp-content\/uploads\/2025\/12\/\u6cb9\u7f50\u8f66\u8be6\u60c5\u8f66_05-432x1024.webp 432w, https:\/\/klqcw.com\/wp-content\/uploads\/2025\/12\/\u6cb9\u7f50\u8f66\u8be6\u60c5\u8f66_05-768x1822.webp 768w, https:\/\/klqcw.com\/wp-content\/uploads\/2025\/12\/\u6cb9\u7f50\u8f66\u8be6\u60c5\u8f66_05-648x1536.webp 648w, https:\/\/klqcw.com\/wp-content\/uploads\/2025\/12\/\u6cb9\u7f50\u8f66\u8be6\u60c5\u8f66_05-5x12.webp 5w, https:\/\/klqcw.com\/wp-content\/uploads\/2025\/12\/\u6cb9\u7f50\u8f66\u8be6\u60c5\u8f66_05-600x1423.webp 600w, https:\/\/klqcw.com\/wp-content\/uploads\/2025\/12\/\u6cb9\u7f50\u8f66\u8be6\u60c5\u8f66_05-150x356.webp 150w\" alt=\"\" width=\"1234\" height=\"2927\" \/><\/p>\n<p><strong>1. Acero de alta resistencia: puede soportar la presi\u00f3n del aceite durante el transporte y posibles impactos externos.<\/strong><br \/>\n<strong>2. Dise\u00f1o de secci\u00f3n transversal no circular: es menos probable que se rompa cuando se somete a impactos externos y reduce el centro de gravedad del veh\u00edculo.<\/strong><br \/>\n<strong>3. Tabiques corrugados transversales: Reducen el chapoteo del l\u00edquido durante la conducci\u00f3n y evitan el vuelco. Efecto a prueba de explosiones: Reducen la acumulaci\u00f3n de electricidad est\u00e1tica causada por el chapoteo violento del l\u00edquido.<\/strong><\/p>\n<h2 style=\"text-align: center;\">ACCESORIOS PRINCIPALES PARA PROTECCI\u00d3N CONTRA EXPLOSIONES Y FUGAS<\/h2>\n<p><img loading=\"lazy\" decoding=\"async\" class=\"aligncenter wp-image-6376\" src=\"https:\/\/klqcw.com\/wp-content\/uploads\/2025\/12\/%E6%B2%B9%E7%BD%90%E8%BD%A6%E8%AF%A6%E6%83%85%E8%BD%A6_07-scaled.webp\" sizes=\"(max-width: 1234px) 100vw, 1234px\" srcset=\"https:\/\/klqcw.com\/wp-content\/uploads\/2025\/12\/\u6cb9\u7f50\u8f66\u8be6\u60c5\u8f66_07-scaled.webp 664w, https:\/\/klqcw.com\/wp-content\/uploads\/2025\/12\/\u6cb9\u7f50\u8f66\u8be6\u60c5\u8f66_07-78x300.webp 78w, https:\/\/klqcw.com\/wp-content\/uploads\/2025\/12\/\u6cb9\u7f50\u8f66\u8be6\u60c5\u8f66_07-768x2960.webp 768w, https:\/\/klqcw.com\/wp-content\/uploads\/2025\/12\/\u6cb9\u7f50\u8f66\u8be6\u60c5\u8f66_07-531x2048.webp 531w, https:\/\/klqcw.com\/wp-content\/uploads\/2025\/12\/\u6cb9\u7f50\u8f66\u8be6\u60c5\u8f66_07-3x12.webp 3w, https:\/\/klqcw.com\/wp-content\/uploads\/2025\/12\/\u6cb9\u7f50\u8f66\u8be6\u60c5\u8f66_07-600x2313.webp 600w, https:\/\/klqcw.com\/wp-content\/uploads\/2025\/12\/\u6cb9\u7f50\u8f66\u8be6\u60c5\u8f66_07-150x578.webp 150w\" alt=\"\" width=\"1234\" height=\"4758\" \/><\/p>\n<p><strong>1. Puerto de llenado est\u00e1ndar europeo: tiene funciones de respiraci\u00f3n y escape de emergencia integradas. Puede mantener el equilibrio de presi\u00f3n dentro y fuera del tanque, evitar el desperdicio de aceite y liberar la presi\u00f3n en el tanque en caso de emergencia.<\/strong><br \/>\n<strong>2. V\u00e1lvula submarina: Tambi\u00e9n conocida como v\u00e1lvula de cierre de emergencia, se instala en el fondo del tanque y se utiliza para cargar petr\u00f3leo por el fondo. En caso de accidente en el tanque de petr\u00f3leo, la tuber\u00eda del veh\u00edculo y el tanque se desconectan autom\u00e1ticamente.<\/strong><br \/>\n<strong>3. Apagallamas: Evita que las llamas externas se introduzcan o impide la propagaci\u00f3n de llamas entre equipos y tuber\u00edas que contengan gases inflamables y explosivos.<\/strong><br \/>\n<strong>4. Sistema de parada de emergencia: Puede operarse de forma manual, autom\u00e1tica o remota. Si el veh\u00edculo vuelca o se rompe la tuber\u00eda, corta inmediatamente el circuito de aceite para evitar fugas.<\/strong><br \/>\n<strong>5. Varilla de sonda antidesbordamiento y dispositivo de recuperaci\u00f3n de petr\u00f3leo y gas: durante el proceso de inyecci\u00f3n de aceite, cuando el nivel del l\u00edquido alcanza la posici\u00f3n establecida, autom\u00e1ticamente sonar\u00e1 una alarma y detendr\u00e1 la inyecci\u00f3n de aceite para evitar el desbordamiento de aceite.<\/strong><\/p>\n<h1 style=\"text-align: center;\">SISTEMA EL\u00c9CTRICO A PRUEBA DE EXPLOSIONES<\/h1>\n<p><img loading=\"lazy\" decoding=\"async\" class=\"aligncenter wp-image-6377\" src=\"https:\/\/klqcw.com\/wp-content\/uploads\/2025\/12\/%E6%B2%B9%E7%BD%90%E8%BD%A6%E8%AF%A6%E6%83%85%E8%BD%A6_09.webp\" sizes=\"(max-width: 1234px) 100vw, 1234px\" srcset=\"https:\/\/klqcw.com\/wp-content\/uploads\/2025\/12\/\u6cb9\u7f50\u8f66\u8be6\u60c5\u8f66_09.webp 790w, https:\/\/klqcw.com\/wp-content\/uploads\/2025\/12\/\u6cb9\u7f50\u8f66\u8be6\u60c5\u8f66_09-216x300.webp 216w, https:\/\/klqcw.com\/wp-content\/uploads\/2025\/12\/\u6cb9\u7f50\u8f66\u8be6\u60c5\u8f66_09-737x1024.webp 737w, https:\/\/klqcw.com\/wp-content\/uploads\/2025\/12\/\u6cb9\u7f50\u8f66\u8be6\u60c5\u8f66_09-768x1067.webp 768w, https:\/\/klqcw.com\/wp-content\/uploads\/2025\/12\/\u6cb9\u7f50\u8f66\u8be6\u60c5\u8f66_09-9x12.webp 9w, https:\/\/klqcw.com\/wp-content\/uploads\/2025\/12\/\u6cb9\u7f50\u8f66\u8be6\u60c5\u8f66_09-600x834.webp 600w, https:\/\/klqcw.com\/wp-content\/uploads\/2025\/12\/\u6cb9\u7f50\u8f66\u8be6\u60c5\u8f66_09-150x208.webp 150w\" alt=\"\" width=\"1234\" height=\"1715\" \/><\/p>\n<p><strong>1. Cinta conductora est\u00e1tica<\/strong><br \/>\n<strong>2. Carrete est\u00e1tico<\/strong><br \/>\n<strong>3. Recubrimiento antiest\u00e1tico<\/strong><br \/>\n<strong>4. Bomba de aceite de nailon a prueba de explosiones<\/strong><\/p>\n<h1 style=\"text-align: center;\">STANDARDIZED ACCESSORIES<\/h1>\n<p><img loading=\"lazy\" decoding=\"async\" class=\"aligncenter wp-image-6378\" src=\"https:\/\/klqcw.com\/wp-content\/uploads\/2025\/12\/%E6%B2%B9%E7%BD%90%E8%BD%A6%E8%AF%A6%E6%83%85%E8%BD%A6_11.webp\" sizes=\"(max-width: 1234px) 100vw, 1234px\" srcset=\"https:\/\/klqcw.com\/wp-content\/uploads\/2025\/12\/\u6cb9\u7f50\u8f66\u8be6\u60c5\u8f66_11.webp 790w, https:\/\/klqcw.com\/wp-content\/uploads\/2025\/12\/\u6cb9\u7f50\u8f66\u8be6\u60c5\u8f66_11-208x300.webp 208w, https:\/\/klqcw.com\/wp-content\/uploads\/2025\/12\/\u6cb9\u7f50\u8f66\u8be6\u60c5\u8f66_11-711x1024.webp 711w, https:\/\/klqcw.com\/wp-content\/uploads\/2025\/12\/\u6cb9\u7f50\u8f66\u8be6\u60c5\u8f66_11-768x1105.webp 768w, https:\/\/klqcw.com\/wp-content\/uploads\/2025\/12\/\u6cb9\u7f50\u8f66\u8be6\u60c5\u8f66_11-8x12.webp 8w, https:\/\/klqcw.com\/wp-content\/uploads\/2025\/12\/\u6cb9\u7f50\u8f66\u8be6\u60c5\u8f66_11-600x864.webp 600w, https:\/\/klqcw.com\/wp-content\/uploads\/2025\/12\/\u6cb9\u7f50\u8f66\u8be6\u60c5\u8f66_11-150x216.webp 150w\" alt=\"\" width=\"1234\" height=\"1776\" \/><\/p>\n<p><strong>1. Mayor seguridad<\/strong><br \/>\n<strong>2. Alta universalidad<\/strong><br \/>\n<strong>3.Costos de mantenimiento reducidos<\/strong><br \/>\n<strong>4. mejora de la eficiencia operativa<\/strong><\/p>\n<h1 style=\"text-align: center;\">Otros detalles<\/h1>\n<p><img loading=\"lazy\" decoding=\"async\" class=\"aligncenter wp-image-6379\" src=\"https:\/\/klqcw.com\/wp-content\/uploads\/2025\/12\/%E6%B2%B9%E7%BD%90%E8%BD%A6%E8%AF%A6%E6%83%85%E8%BD%A6_13.webp\" sizes=\"(max-width: 1234px) 100vw, 1234px\" srcset=\"https:\/\/klqcw.com\/wp-content\/uploads\/2025\/12\/\u6cb9\u7f50\u8f66\u8be6\u60c5\u8f66_13.webp 790w, https:\/\/klqcw.com\/wp-content\/uploads\/2025\/12\/\u6cb9\u7f50\u8f66\u8be6\u60c5\u8f66_13-150x299.webp 150w, https:\/\/klqcw.com\/wp-content\/uploads\/2025\/12\/\u6cb9\u7f50\u8f66\u8be6\u60c5\u8f66_13-514x1024.webp 514w, https:\/\/klqcw.com\/wp-content\/uploads\/2025\/12\/\u6cb9\u7f50\u8f66\u8be6\u60c5\u8f66_13-768x1531.webp 768w, https:\/\/klqcw.com\/wp-content\/uploads\/2025\/12\/\u6cb9\u7f50\u8f66\u8be6\u60c5\u8f66_13-770x1536.webp 770w, https:\/\/klqcw.com\/wp-content\/uploads\/2025\/12\/\u6cb9\u7f50\u8f66\u8be6\u60c5\u8f66_13-6x12.webp 6w, https:\/\/klqcw.com\/wp-content\/uploads\/2025\/12\/\u6cb9\u7f50\u8f66\u8be6\u60c5\u8f66_13-600x1196.webp 600w\" alt=\"\" width=\"1234\" height=\"2460\" \/><\/p>\n<p><strong>1. V\u00e1lvula APl: tiene funciones de respiraci\u00f3n y escape de emergencia incorporadas, que pueden mantener el equilibrio de presi\u00f3n dentro y fuera del tanque, evitar el desperdicio de aceite y liberar la presi\u00f3n en el tanque en caso de emergencia.<\/strong><br \/>\n<strong>2. Carrete de combustible Donaldson: proporciona doble protecci\u00f3n contra fugas y contaminaci\u00f3n, es antiest\u00e1tico y adecuado para entornos peligrosos, y la funci\u00f3n de rebobinado autom\u00e1tico ahorra mano de obra y esfuerzo.<\/strong><br \/>\n<strong>3. Panel de control integrado: ofrece una operaci\u00f3n conveniente y una seguridad mejorada.<\/strong><br \/>\n<strong>4. Indicador de nivel de l\u00edquido: monitorea con precisi\u00f3n el nivel de l\u00edquido.<\/strong><br \/>\n<strong>5. Pasarela antideslizante: reduce el riesgo de resbalones y garantiza de forma integral la seguridad del personal.<\/strong><\/p>\n<h1 style=\"text-align: center;\">PROCESO DE PRODUCCI\u00d3N<\/h1>\n<p data-wp-editing=\"1\"><img loading=\"lazy\" decoding=\"async\" class=\"aligncenter wp-image-6380\" src=\"https:\/\/klqcw.com\/wp-content\/uploads\/2025\/12\/%E6%B2%B9%E7%BD%90%E8%BD%A6%E8%AF%A6%E6%83%85%E8%BD%A6_15.webp\" sizes=\"(max-width: 1234px) 100vw, 1234px\" srcset=\"https:\/\/klqcw.com\/wp-content\/uploads\/2025\/12\/\u6cb9\u7f50\u8f66\u8be6\u60c5\u8f66_15.webp 790w, https:\/\/klqcw.com\/wp-content\/uploads\/2025\/12\/\u6cb9\u7f50\u8f66\u8be6\u60c5\u8f66_15-110x300.webp 110w, https:\/\/klqcw.com\/wp-content\/uploads\/2025\/12\/\u6cb9\u7f50\u8f66\u8be6\u60c5\u8f66_15-377x1024.webp 377w, https:\/\/klqcw.com\/wp-content\/uploads\/2025\/12\/\u6cb9\u7f50\u8f66\u8be6\u60c5\u8f66_15-768x2088.webp 768w, https:\/\/klqcw.com\/wp-content\/uploads\/2025\/12\/\u6cb9\u7f50\u8f66\u8be6\u60c5\u8f66_15-565x1536.webp 565w, https:\/\/klqcw.com\/wp-content\/uploads\/2025\/12\/\u6cb9\u7f50\u8f66\u8be6\u60c5\u8f66_15-753x2048.webp 753w, https:\/\/klqcw.com\/wp-content\/uploads\/2025\/12\/\u6cb9\u7f50\u8f66\u8be6\u60c5\u8f66_15-4x12.webp 4w, https:\/\/klqcw.com\/wp-content\/uploads\/2025\/12\/\u6cb9\u7f50\u8f66\u8be6\u60c5\u8f66_15-600x1631.webp 600w, https:\/\/klqcw.com\/wp-content\/uploads\/2025\/12\/\u6cb9\u7f50\u8f66\u8be6\u60c5\u8f66_15-150x408.webp 150w\" alt=\"\" width=\"1234\" height=\"3355\" \/><img loading=\"lazy\" decoding=\"async\" class=\"aligncenter wp-image-6381\" src=\"https:\/\/klqcw.com\/wp-content\/uploads\/2025\/12\/%E6%B2%B9%E7%BD%90%E8%BD%A6%E8%AF%A6%E6%83%85%E8%BD%A6_16.webp\" sizes=\"(max-width: 1234px) 100vw, 1234px\" srcset=\"https:\/\/klqcw.com\/wp-content\/uploads\/2025\/12\/\u6cb9\u7f50\u8f66\u8be6\u60c5\u8f66_16.webp 790w, https:\/\/klqcw.com\/wp-content\/uploads\/2025\/12\/\u6cb9\u7f50\u8f66\u8be6\u60c5\u8f66_16-111x300.webp 111w, https:\/\/klqcw.com\/wp-content\/uploads\/2025\/12\/\u6cb9\u7f50\u8f66\u8be6\u60c5\u8f66_16-380x1024.webp 380w, https:\/\/klqcw.com\/wp-content\/uploads\/2025\/12\/\u6cb9\u7f50\u8f66\u8be6\u60c5\u8f66_16-768x2070.webp 768w, https:\/\/klqcw.com\/wp-content\/uploads\/2025\/12\/\u6cb9\u7f50\u8f66\u8be6\u60c5\u8f66_16-570x1536.webp 570w, https:\/\/klqcw.com\/wp-content\/uploads\/2025\/12\/\u6cb9\u7f50\u8f66\u8be6\u60c5\u8f66_16-760x2048.webp 760w, https:\/\/klqcw.com\/wp-content\/uploads\/2025\/12\/\u6cb9\u7f50\u8f66\u8be6\u60c5\u8f66_16-4x12.webp 4w, https:\/\/klqcw.com\/wp-content\/uploads\/2025\/12\/\u6cb9\u7f50\u8f66\u8be6\u60c5\u8f66_16-600x1617.webp 600w, https:\/\/klqcw.com\/wp-content\/uploads\/2025\/12\/\u6cb9\u7f50\u8f66\u8be6\u60c5\u8f66_16-150x404.webp 150w\" alt=\"\" width=\"1234\" height=\"3326\" \/><\/p>\n<p data-wp-editing=\"1\"><strong>1. Corte por l\u00e1ser: presenta alta precisi\u00f3n de corte, costuras de corte suaves y una r\u00e1pida velocidad de corte.<\/strong><br \/>\n<strong>2. Procesamiento de molino: ofrece alta precisi\u00f3n de laminado, curvatura uniforme, garantiza una calidad de formaci\u00f3n estable y mejora la resistencia estructural general y el rendimiento de sellado del tanque de combustible.<\/strong><br \/>\n<strong>3. Gu\u00eda de ondas de barra de acero: Refuerza la resistencia estructural, evitando que el cuerpo del tanque se deforme y agriete debido a sacudidas e impactos de l\u00edquidos, mejorando as\u00ed su<\/strong><br \/>\n<strong>capacidad de carga.<\/strong><br \/>\n<strong>4.Soldadura autom\u00e1tica de cuerpo de tanque CNC: tiene alta precisi\u00f3n de soldadura, formaci\u00f3n de soldadura uniforme y una soldadura estable.<\/strong><br \/>\n<strong>velocidad de ing.<\/strong><br \/>\n<strong>5. Terminaci\u00f3n del cuerpo del tanque: Esto asegura la calidad de las costuras de soldadura y evita grietas o fugas.<\/strong><br \/>\n<strong>6. Ajuste estructural del chasis: Ajuste la estructura del chasis de acuerdo con el tama\u00f1o y el peso del tanque de aceite.<\/strong><br \/>\n<strong>7. Montaje del cuerpo del tanque en el chasis: Aplique recubrimientos multicapa resistentes a la corrosi\u00f3n y al desgaste para mejorar el rendimiento de protecci\u00f3n y salvaguardar el tanque de almacenamiento y la carrocer\u00eda del veh\u00edculo.<\/strong><br \/>\n<strong>8. Finalizaci\u00f3n del montaje del veh\u00edculo: despu\u00e9s del montaje, se deben realizar pruebas exhaustivas como pruebas de sellado, pruebas de resistencia, pruebas de dispositivos de seguridad y pruebas en carretera para garantizar la seguridad y confiabilidad del petrolero.<\/strong><\/p>\n<h1 style=\"text-align: center;\" data-wp-editing=\"1\">ESCENARIOS DE APLICACI\u00d3N<\/h1>\n<p data-wp-editing=\"1\"><img loading=\"lazy\" decoding=\"async\" class=\"aligncenter wp-image-6382\" src=\"https:\/\/klqcw.com\/wp-content\/uploads\/2025\/12\/%E6%B2%B9%E7%BD%90%E8%BD%A6%E8%AF%A6%E6%83%85%E8%BD%A6_18.webp\" sizes=\"(max-width: 1234px) 100vw, 1234px\" srcset=\"https:\/\/klqcw.com\/wp-content\/uploads\/2025\/12\/\u6cb9\u7f50\u8f66\u8be6\u60c5\u8f66_18.webp 790w, https:\/\/klqcw.com\/wp-content\/uploads\/2025\/12\/\u6cb9\u7f50\u8f66\u8be6\u60c5\u8f66_18-143x300.webp 143w, https:\/\/klqcw.com\/wp-content\/uploads\/2025\/12\/\u6cb9\u7f50\u8f66\u8be6\u60c5\u8f66_18-489x1024.webp 489w, https:\/\/klqcw.com\/wp-content\/uploads\/2025\/12\/\u6cb9\u7f50\u8f66\u8be6\u60c5\u8f66_18-768x1610.webp 768w, https:\/\/klqcw.com\/wp-content\/uploads\/2025\/12\/\u6cb9\u7f50\u8f66\u8be6\u60c5\u8f66_18-733x1536.webp 733w, https:\/\/klqcw.com\/wp-content\/uploads\/2025\/12\/\u6cb9\u7f50\u8f66\u8be6\u60c5\u8f66_18-6x12.webp 6w, https:\/\/klqcw.com\/wp-content\/uploads\/2025\/12\/\u6cb9\u7f50\u8f66\u8be6\u60c5\u8f66_18-600x1258.webp 600w, https:\/\/klqcw.com\/wp-content\/uploads\/2025\/12\/\u6cb9\u7f50\u8f66\u8be6\u60c5\u8f66_18-150x314.webp 150w\" alt=\"\" width=\"1234\" height=\"2587\" \/><\/p>\n<h1 style=\"text-align: center;\" data-wp-editing=\"1\">EMBALAJE Y TRANSPORTE<\/h1>\n<p data-wp-editing=\"1\"><img loading=\"lazy\" decoding=\"async\" class=\"aligncenter wp-image-6383\" src=\"https:\/\/klqcw.com\/wp-content\/uploads\/2025\/12\/%E6%B2%B9%E7%BD%90%E8%BD%A6%E8%AF%A6%E6%83%85%E8%BD%A6_20.webp\" sizes=\"(max-width: 1234px) 100vw, 1234px\" srcset=\"https:\/\/klqcw.com\/wp-content\/uploads\/2025\/12\/\u6cb9\u7f50\u8f66\u8be6\u60c5\u8f66_20.webp 790w, https:\/\/klqcw.com\/wp-content\/uploads\/2025\/12\/\u6cb9\u7f50\u8f66\u8be6\u60c5\u8f66_20-144x300.webp 144w, https:\/\/klqcw.com\/wp-content\/uploads\/2025\/12\/\u6cb9\u7f50\u8f66\u8be6\u60c5\u8f66_20-492x1024.webp 492w, https:\/\/klqcw.com\/wp-content\/uploads\/2025\/12\/\u6cb9\u7f50\u8f66\u8be6\u60c5\u8f66_20-768x1598.webp 768w, https:\/\/klqcw.com\/wp-content\/uploads\/2025\/12\/\u6cb9\u7f50\u8f66\u8be6\u60c5\u8f66_20-738x1536.webp 738w, https:\/\/klqcw.com\/wp-content\/uploads\/2025\/12\/\u6cb9\u7f50\u8f66\u8be6\u60c5\u8f66_20-6x12.webp 6w, https:\/\/klqcw.com\/wp-content\/uploads\/2025\/12\/\u6cb9\u7f50\u8f66\u8be6\u60c5\u8f66_20-600x1249.webp 600w, https:\/\/klqcw.com\/wp-content\/uploads\/2025\/12\/\u6cb9\u7f50\u8f66\u8be6\u60c5\u8f66_20-150x312.webp 150w\" alt=\"\" width=\"1234\" height=\"2568\" \/><\/p>","protected":false},"excerpt":{"rendered":"<p>PRODUCT PARAMETERS 2.3m\u00b3 Refueling Truck Dongfeng project Descriptions Specifications General Overall dimensions(mm) 5700\u00d72090\u00d72350 curb weight(Kg) 2855 Loading capacity(Kg) 1510 Total<\/p>","protected":false},"featured_media":6394,"template":"","meta":[],"product_brand":[228],"product_cat":[176],"product_tag":[242,243,249,333],"class_list":{"0":"post-6391","1":"product","2":"type-product","3":"status-publish","4":"has-post-thumbnail","6":"product_brand-dongfeng","7":"product_cat-tanker-trucks","8":"product_tag-fuel-tanker","9":"product_tag-oil-tanker-truck","10":"product_tag-tanker-truck","11":"product_tag-2300l","13":"first","14":"instock","15":"shipping-taxable","16":"product-type-simple"},"_links":{"self":[{"href":"https:\/\/klqcw.com\/es\/wp-json\/wp\/v2\/product\/6391","targetHints":{"allow":["GET"]}}],"collection":[{"href":"https:\/\/klqcw.com\/es\/wp-json\/wp\/v2\/product"}],"about":[{"href":"https:\/\/klqcw.com\/es\/wp-json\/wp\/v2\/types\/product"}],"version-history":[{"count":2,"href":"https:\/\/klqcw.com\/es\/wp-json\/wp\/v2\/product\/6391\/revisions"}],"predecessor-version":[{"id":6680,"href":"https:\/\/klqcw.com\/es\/wp-json\/wp\/v2\/product\/6391\/revisions\/6680"}],"wp:featuredmedia":[{"embeddable":true,"href":"https:\/\/klqcw.com\/es\/wp-json\/wp\/v2\/media\/6394"}],"wp:attachment":[{"href":"https:\/\/klqcw.com\/es\/wp-json\/wp\/v2\/media?parent=6391"}],"wp:term":[{"taxonomy":"product_brand","embeddable":true,"href":"https:\/\/klqcw.com\/es\/wp-json\/wp\/v2\/product_brand?post=6391"},{"taxonomy":"product_cat","embeddable":true,"href":"https:\/\/klqcw.com\/es\/wp-json\/wp\/v2\/product_cat?post=6391"},{"taxonomy":"product_tag","embeddable":true,"href":"https:\/\/klqcw.com\/es\/wp-json\/wp\/v2\/product_tag?post=6391"}],"curies":[{"name":"wp","href":"https:\/\/api.w.org\/{rel}","templated":true}]}}