{"id":4792,"date":"2025-09-13T16:49:31","date_gmt":"2025-09-13T08:49:31","guid":{"rendered":"https:\/\/klqcw.com\/?post_type=product&#038;p=4792"},"modified":"2025-09-17T14:32:48","modified_gmt":"2025-09-17T06:32:48","slug":"dry-powder-foam-combined-fire-truck-howo","status":"publish","type":"product","link":"https:\/\/klqcw.com\/es\/dry-powder-foam-fire-truck-howo.html","title":{"rendered":"Cami\u00f3n de bomberos con espuma de polvo seco HOWO"},"content":{"rendered":"<table data-sort=\"sortDisabled\">\n<tbody>\n<tr>\n<td colspan=\"2\" rowspan=\"1\" align=\"center\" valign=\"top\"><\/td>\n<\/tr>\n<tr class=\"firstRow\">\n<td align=\"center\" valign=\"top\" width=\"760\"><strong>Flujo de la bomba<\/strong><\/td>\n<td align=\"center\" valign=\"top\" width=\"760\">\u226560L\/s\u00a0 \u00a01.0MPa<\/td>\n<\/tr>\n<tr>\n<td align=\"center\" valign=\"top\" width=\"760\"><strong>Main gun flow<\/strong><\/td>\n<td align=\"center\" valign=\"top\" width=\"760\">\u226532L\/s\u00a0 \u00a00.8MPa<\/td>\n<\/tr>\n<tr>\n<td align=\"center\" valign=\"top\" width=\"760\"><strong>Flujo de pistola de p\u00f3lvora seca<\/strong><\/td>\n<td align=\"center\" valign=\"top\" width=\"760\">\u226530kg\/s<\/td>\n<\/tr>\n<tr>\n<td colspan=\"1\" rowspan=\"1\" align=\"center\" valign=\"top\"><strong>Longitud del rango<\/strong><\/td>\n<td colspan=\"1\" rowspan=\"1\" align=\"center\" valign=\"top\">Agua \u226570 m; Espuma \u226560 m; Polvo seco \u226535 m<\/td>\n<\/tr>\n<tr>\n<td align=\"center\" valign=\"top\" width=\"760\"><strong>Capacidad del tanque de l\u00edquido<\/strong><\/td>\n<td align=\"center\" valign=\"top\" width=\"760\">Agua 6250L, Espuma 3000L, Polvo seco 3000kg<\/td>\n<\/tr>\n<tr>\n<td align=\"center\" valign=\"top\" width=\"760\"><strong>Condiciones de trabajo aplicables<\/strong><\/td>\n<td align=\"center\" valign=\"top\" width=\"760\">Extinci\u00f3n de incendios, suministro y transporte de agua<\/td>\n<\/tr>\n<tr>\n<td colspan=\"2\" rowspan=\"1\" align=\"center\" valign=\"top\"><strong>otro<\/strong><\/p>\n<p>El cami\u00f3n de bomberos combinado de polvo seco y espuma presenta un dise\u00f1o innovador que combina conceptos de dise\u00f1o avanzados, tanto nacionales como internacionales, con las necesidades reales de la lucha contra incendios. El veh\u00edculo cuenta con m\u00faltiples medidas de seguridad y sus par\u00e1metros t\u00e9cnicos y de rendimiento se encuentran a la vanguardia nacional.<\/p>\n<p>El veh\u00edculo no solo se puede utilizar para extinguir incendios de l\u00edquidos inflamables, gases inflamables, equipos activos y dep\u00f3sitos de petr\u00f3leo petroqu\u00edmico, sino tambi\u00e9n para extinguir incendios de clase A en edificios industriales y civiles. Es el veh\u00edculo principal para el rescate de incendios urbanos y petroqu\u00edmicos.<\/td>\n<\/tr>\n<\/tbody>\n<\/table>\n<p><img fetchpriority=\"high\" decoding=\"async\" class=\"alignnone size-full wp-image-4718\" src=\"https:\/\/klqcw.com\/wp-content\/uploads\/2025\/09\/6-250F111125X09.jpg\" alt=\"cami\u00f3n de bomberos\" width=\"1400\" height=\"766\" srcset=\"https:\/\/klqcw.com\/wp-content\/uploads\/2025\/09\/6-250F111125X09.jpg 1400w, https:\/\/klqcw.com\/wp-content\/uploads\/2025\/09\/6-250F111125X09-300x164.jpg 300w, https:\/\/klqcw.com\/wp-content\/uploads\/2025\/09\/6-250F111125X09-1024x560.jpg 1024w, https:\/\/klqcw.com\/wp-content\/uploads\/2025\/09\/6-250F111125X09-768x420.jpg 768w, https:\/\/klqcw.com\/wp-content\/uploads\/2025\/09\/6-250F111125X09-18x10.jpg 18w, https:\/\/klqcw.com\/wp-content\/uploads\/2025\/09\/6-250F111125X09-600x328.jpg 600w, https:\/\/klqcw.com\/wp-content\/uploads\/2025\/09\/6-250F111125X09-150x82.jpg 150w\" sizes=\"(max-width: 1400px) 100vw, 1400px\" \/> <img decoding=\"async\" class=\"alignnone wp-image-4724\" src=\"https:\/\/klqcw.com\/wp-content\/uploads\/2025\/09\/4105-202412191703232285.jpg\" alt=\"Fire truck structure diagram\" width=\"1400\" height=\"1015\" srcset=\"https:\/\/klqcw.com\/wp-content\/uploads\/2025\/09\/4105-202412191703232285.jpg 1440w, https:\/\/klqcw.com\/wp-content\/uploads\/2025\/09\/4105-202412191703232285-300x218.jpg 300w, https:\/\/klqcw.com\/wp-content\/uploads\/2025\/09\/4105-202412191703232285-1024x742.jpg 1024w, https:\/\/klqcw.com\/wp-content\/uploads\/2025\/09\/4105-202412191703232285-768x557.jpg 768w, https:\/\/klqcw.com\/wp-content\/uploads\/2025\/09\/4105-202412191703232285-18x12.jpg 18w, https:\/\/klqcw.com\/wp-content\/uploads\/2025\/09\/4105-202412191703232285-600x435.jpg 600w, https:\/\/klqcw.com\/wp-content\/uploads\/2025\/09\/4105-202412191703232285-150x109.jpg 150w\" sizes=\"(max-width: 1400px) 100vw, 1400px\" \/> <img decoding=\"async\" class=\"alignnone wp-image-4720\" src=\"https:\/\/klqcw.com\/wp-content\/uploads\/2025\/09\/6-250F11113032S.png\" alt=\"Fire truck key components\" width=\"1400\" height=\"1316\" srcset=\"https:\/\/klqcw.com\/wp-content\/uploads\/2025\/09\/6-250F11113032S.png 1230w, https:\/\/klqcw.com\/wp-content\/uploads\/2025\/09\/6-250F11113032S-300x282.png 300w, https:\/\/klqcw.com\/wp-content\/uploads\/2025\/09\/6-250F11113032S-1024x962.png 1024w, https:\/\/klqcw.com\/wp-content\/uploads\/2025\/09\/6-250F11113032S-768x722.png 768w, https:\/\/klqcw.com\/wp-content\/uploads\/2025\/09\/6-250F11113032S-13x12.png 13w, https:\/\/klqcw.com\/wp-content\/uploads\/2025\/09\/6-250F11113032S-600x564.png 600w, https:\/\/klqcw.com\/wp-content\/uploads\/2025\/09\/6-250F11113032S-150x141.png 150w\" sizes=\"(max-width: 1400px) 100vw, 1400px\" \/> <img loading=\"lazy\" decoding=\"async\" class=\"alignnone wp-image-4719\" src=\"https:\/\/klqcw.com\/wp-content\/uploads\/2025\/09\/6-250F111130W19.png\" alt=\"Fire truck key components\" width=\"1400\" height=\"1298\" srcset=\"https:\/\/klqcw.com\/wp-content\/uploads\/2025\/09\/6-250F111130W19.png 1230w, https:\/\/klqcw.com\/wp-content\/uploads\/2025\/09\/6-250F111130W19-300x278.png 300w, https:\/\/klqcw.com\/wp-content\/uploads\/2025\/09\/6-250F111130W19-1024x949.png 1024w, https:\/\/klqcw.com\/wp-content\/uploads\/2025\/09\/6-250F111130W19-768x712.png 768w, https:\/\/klqcw.com\/wp-content\/uploads\/2025\/09\/6-250F111130W19-13x12.png 13w, https:\/\/klqcw.com\/wp-content\/uploads\/2025\/09\/6-250F111130W19-600x556.png 600w, https:\/\/klqcw.com\/wp-content\/uploads\/2025\/09\/6-250F111130W19-150x139.png 150w\" sizes=\"(max-width: 1400px) 100vw, 1400px\" \/> <img loading=\"lazy\" decoding=\"async\" class=\"alignnone wp-image-4721\" src=\"https:\/\/klqcw.com\/wp-content\/uploads\/2025\/09\/6-250F11113131Y.png\" alt=\"Fire truck key components\" width=\"1400\" height=\"1298\" srcset=\"https:\/\/klqcw.com\/wp-content\/uploads\/2025\/09\/6-250F11113131Y.png 1230w, https:\/\/klqcw.com\/wp-content\/uploads\/2025\/09\/6-250F11113131Y-300x278.png 300w, https:\/\/klqcw.com\/wp-content\/uploads\/2025\/09\/6-250F11113131Y-1024x949.png 1024w, https:\/\/klqcw.com\/wp-content\/uploads\/2025\/09\/6-250F11113131Y-768x712.png 768w, https:\/\/klqcw.com\/wp-content\/uploads\/2025\/09\/6-250F11113131Y-13x12.png 13w, https:\/\/klqcw.com\/wp-content\/uploads\/2025\/09\/6-250F11113131Y-600x556.png 600w, https:\/\/klqcw.com\/wp-content\/uploads\/2025\/09\/6-250F11113131Y-150x139.png 150w\" sizes=\"(max-width: 1400px) 100vw, 1400px\" \/> <img loading=\"lazy\" decoding=\"async\" class=\"alignnone size-full wp-image-4722\" src=\"https:\/\/klqcw.com\/wp-content\/uploads\/2025\/09\/6-2506301K125131.jpg\" alt=\"Fire truck operation panel\" width=\"1400\" height=\"852\" srcset=\"https:\/\/klqcw.com\/wp-content\/uploads\/2025\/09\/6-2506301K125131.jpg 1400w, https:\/\/klqcw.com\/wp-content\/uploads\/2025\/09\/6-2506301K125131-300x183.jpg 300w, https:\/\/klqcw.com\/wp-content\/uploads\/2025\/09\/6-2506301K125131-1024x623.jpg 1024w, https:\/\/klqcw.com\/wp-content\/uploads\/2025\/09\/6-2506301K125131-768x467.jpg 768w, https:\/\/klqcw.com\/wp-content\/uploads\/2025\/09\/6-2506301K125131-18x12.jpg 18w, https:\/\/klqcw.com\/wp-content\/uploads\/2025\/09\/6-2506301K125131-600x365.jpg 600w, https:\/\/klqcw.com\/wp-content\/uploads\/2025\/09\/6-2506301K125131-150x91.jpg 150w\" sizes=\"(max-width: 1400px) 100vw, 1400px\" \/><\/p>","protected":false},"excerpt":{"rendered":"<p>Pump flow \u226560L\/s\u00a0 \u00a01.0MPa Main gun flow \u226532L\/s\u00a0 \u00a00.8MPa Dry powder gun flow \u226530kg\/s Range length Water \u226570m; Foam \u226560m;<\/p>","protected":false},"featured_media":4799,"template":"","meta":[],"product_brand":[220],"product_cat":[182],"product_tag":[259,279,280,281],"class_list":{"0":"post-4792","1":"product","2":"type-product","3":"status-publish","4":"has-post-thumbnail","6":"product_brand-howo","7":"product_cat-fire-trucks","8":"product_tag-fire-truck","9":"product_tag-fire-engine","10":"product_tag-foam-fire-truck","11":"product_tag-dry-powder-foam-fire-truck","13":"first","14":"instock","15":"shipping-taxable","16":"product-type-simple"},"_links":{"self":[{"href":"https:\/\/klqcw.com\/es\/wp-json\/wp\/v2\/product\/4792","targetHints":{"allow":["GET"]}}],"collection":[{"href":"https:\/\/klqcw.com\/es\/wp-json\/wp\/v2\/product"}],"about":[{"href":"https:\/\/klqcw.com\/es\/wp-json\/wp\/v2\/types\/product"}],"version-history":[{"count":3,"href":"https:\/\/klqcw.com\/es\/wp-json\/wp\/v2\/product\/4792\/revisions"}],"predecessor-version":[{"id":5003,"href":"https:\/\/klqcw.com\/es\/wp-json\/wp\/v2\/product\/4792\/revisions\/5003"}],"wp:featuredmedia":[{"embeddable":true,"href":"https:\/\/klqcw.com\/es\/wp-json\/wp\/v2\/media\/4799"}],"wp:attachment":[{"href":"https:\/\/klqcw.com\/es\/wp-json\/wp\/v2\/media?parent=4792"}],"wp:term":[{"taxonomy":"product_brand","embeddable":true,"href":"https:\/\/klqcw.com\/es\/wp-json\/wp\/v2\/product_brand?post=4792"},{"taxonomy":"product_cat","embeddable":true,"href":"https:\/\/klqcw.com\/es\/wp-json\/wp\/v2\/product_cat?post=4792"},{"taxonomy":"product_tag","embeddable":true,"href":"https:\/\/klqcw.com\/es\/wp-json\/wp\/v2\/product_tag?post=4792"}],"curies":[{"name":"wp","href":"https:\/\/api.w.org\/{rel}","templated":true}]}}