{"id":4004,"date":"2025-09-04T16:43:35","date_gmt":"2025-09-04T08:43:35","guid":{"rendered":"https:\/\/klqcw.com\/?post_type=product&#038;p=4004"},"modified":"2025-09-04T16:47:11","modified_gmt":"2025-09-04T08:47:11","slug":"isuzu-6m%c2%b3-hookloader-garbage-truck-for-sale","status":"publish","type":"product","link":"https:\/\/klqcw.com\/es\/isuzu-6m%C2%B3-hookloader-garbage-truck-for-sale.html","title":{"rendered":"Cami\u00f3n de basura con gancho Isuzu de 6 m\u00b3 en venta"},"content":{"rendered":"<table>\n<tbody>\n<tr class=\"ue-table-interlace-color-single firstRow\">\n<td valign=\"top\" width=\"743\"><strong>\u00a0Nombre de marca<\/strong><\/td>\n<td align=\"center\" valign=\"top\" width=\"743\"><a href=\"http:\/\/ISUZU.COM\"><strong>Isuzu<\/strong><\/a><\/td>\n<\/tr>\n<tr class=\"ue-table-interlace-color-double\">\n<td valign=\"top\" width=\"743\"><strong>\u00a0 Dimensiones generales (mm)<\/strong><\/td>\n<td align=\"center\" valign=\"top\" width=\"743\"><strong>5450\u00d72000\u00d72200,2300(mm)<\/strong><\/td>\n<\/tr>\n<tr class=\"ue-table-interlace-color-single\">\n<td valign=\"top\" width=\"743\"><strong>\u00a0 Volumen del contenedor de basura correspondiente (m\u00b3)<\/strong><\/td>\n<td align=\"center\" valign=\"top\" width=\"743\"><strong>3-5<\/strong><\/td>\n<\/tr>\n<tr class=\"ue-table-interlace-color-double\">\n<td colspan=\"1\" rowspan=\"1\" valign=\"top\"><strong>\u00a0 Tiempo de ciclo \u00fanico (s)<\/strong><\/td>\n<td colspan=\"1\" rowspan=\"1\" align=\"center\" valign=\"top\"><strong>Sube y baja una vez, tiempo de ciclo de trabajo \u2264 40S<\/strong><\/td>\n<\/tr>\n<tr class=\"ue-table-interlace-color-single\">\n<td colspan=\"1\" rowspan=\"1\" valign=\"top\"><strong>\u00a0 Tiempo(s) de descarga<\/strong><\/td>\n<td colspan=\"1\" rowspan=\"1\" align=\"center\" valign=\"top\"><strong>\u226430<\/strong><\/td>\n<\/tr>\n<tr class=\"ue-table-interlace-color-double\">\n<td colspan=\"1\" rowspan=\"1\" valign=\"top\"><strong>\u00a0 Configuraci\u00f3n est\u00e1ndar<\/strong><\/td>\n<td colspan=\"1\" rowspan=\"1\" align=\"center\" valign=\"top\"><strong>Control hidr\u00e1ulico de v\u00e1lvula multiv\u00eda con cilindro de doble barra<\/strong><\/td>\n<\/tr>\n<tr class=\"ue-table-interlace-color-single\">\n<td colspan=\"1\" rowspan=\"1\" valign=\"top\"><strong>\u00a0 <a href=\"http:\/\/klqcw.com\/es\/\">Motor<\/a> fuerza<\/strong><\/td>\n<td colspan=\"1\" rowspan=\"1\" align=\"center\" valign=\"top\"><strong>88 kW<\/strong><\/td>\n<\/tr>\n<tr class=\"ue-table-interlace-color-double\">\n<td colspan=\"1\" rowspan=\"1\" valign=\"top\"><strong>\u00a0 Capacidad de carga nominal (kg)<\/strong><\/td>\n<td colspan=\"1\" rowspan=\"1\" align=\"center\" valign=\"top\"><strong>3680<\/strong><\/td>\n<\/tr>\n<tr class=\"ue-table-interlace-color-single\">\n<td colspan=\"1\" rowspan=\"1\" valign=\"top\"><strong>\u00a0 Caja de cambios<\/strong><\/td>\n<td colspan=\"1\" rowspan=\"1\" align=\"center\" valign=\"top\"><strong>Autom\u00e1tico de 5 velocidades<\/strong><\/td>\n<\/tr>\n<tr class=\"ue-table-interlace-color-double\">\n<td valign=\"top\" width=\"743\"><strong>\u00a0 Masa total (kg)<\/strong><\/td>\n<td align=\"center\" valign=\"top\" width=\"743\"><strong>7300<\/strong><\/td>\n<\/tr>\n<tr class=\"ue-table-interlace-color-single\">\n<td valign=\"top\" width=\"743\"><strong>\u00a0 Peso en vac\u00edo (kg)<\/strong><\/td>\n<td align=\"center\" valign=\"top\" width=\"743\"><strong>3490<\/strong><\/td>\n<\/tr>\n<tr class=\"ue-table-interlace-color-double\">\n<td colspan=\"1\" rowspan=\"1\" valign=\"top\"><strong>\u00a0 Velocidad m\u00e1xima (km\/h)<\/strong><\/td>\n<td colspan=\"1\" rowspan=\"1\" align=\"center\" valign=\"top\"><strong>95<\/strong><\/td>\n<\/tr>\n<tr class=\"ue-table-interlace-color-single\">\n<td colspan=\"1\" rowspan=\"1\" valign=\"top\"><strong>\u00a0 Especificaciones de los neum\u00e1ticos<\/strong><\/td>\n<td colspan=\"1\" rowspan=\"1\" align=\"center\" valign=\"top\"><strong>7.00R16LT 14PR<\/strong><\/td>\n<\/tr>\n<\/tbody>\n<\/table>\n<p><img fetchpriority=\"high\" decoding=\"async\" class=\"aligncenter wp-image-3979 size-full\" src=\"https:\/\/klqcw.com\/wp-content\/uploads\/2025\/09\/6-250F21032363M.png\" alt=\"Diagrama de an\u00e1lisis del cargador de gancho\" width=\"1420\" height=\"1007\" srcset=\"https:\/\/klqcw.com\/wp-content\/uploads\/2025\/09\/6-250F21032363M.png 1420w, https:\/\/klqcw.com\/wp-content\/uploads\/2025\/09\/6-250F21032363M-300x213.png 300w, https:\/\/klqcw.com\/wp-content\/uploads\/2025\/09\/6-250F21032363M-1024x726.png 1024w, https:\/\/klqcw.com\/wp-content\/uploads\/2025\/09\/6-250F21032363M-768x545.png 768w, https:\/\/klqcw.com\/wp-content\/uploads\/2025\/09\/6-250F21032363M-18x12.png 18w, https:\/\/klqcw.com\/wp-content\/uploads\/2025\/09\/6-250F21032363M-600x425.png 600w, https:\/\/klqcw.com\/wp-content\/uploads\/2025\/09\/6-250F21032363M-150x106.png 150w\" sizes=\"(max-width: 1420px) 100vw, 1420px\" \/> <img decoding=\"async\" class=\"aligncenter wp-image-3980 size-full\" src=\"https:\/\/klqcw.com\/wp-content\/uploads\/2025\/09\/6-250F21050494A.png\" alt=\"Detalles del cargador de gancho\" width=\"1420\" height=\"1881\" srcset=\"https:\/\/klqcw.com\/wp-content\/uploads\/2025\/09\/6-250F21050494A.png 1420w, https:\/\/klqcw.com\/wp-content\/uploads\/2025\/09\/6-250F21050494A-226x300.png 226w, https:\/\/klqcw.com\/wp-content\/uploads\/2025\/09\/6-250F21050494A-773x1024.png 773w, https:\/\/klqcw.com\/wp-content\/uploads\/2025\/09\/6-250F21050494A-768x1017.png 768w, https:\/\/klqcw.com\/wp-content\/uploads\/2025\/09\/6-250F21050494A-1160x1536.png 1160w, https:\/\/klqcw.com\/wp-content\/uploads\/2025\/09\/6-250F21050494A-9x12.png 9w, https:\/\/klqcw.com\/wp-content\/uploads\/2025\/09\/6-250F21050494A-600x795.png 600w, https:\/\/klqcw.com\/wp-content\/uploads\/2025\/09\/6-250F21050494A-150x199.png 150w\" sizes=\"(max-width: 1420px) 100vw, 1420px\" \/> <img decoding=\"async\" class=\"aligncenter wp-image-3978 size-full\" src=\"https:\/\/klqcw.com\/wp-content\/uploads\/2025\/09\/6-250F2111435L3.png\" alt=\"Configuraci\u00f3n opcional del cargador de gancho\" width=\"1420\" height=\"1370\" srcset=\"https:\/\/klqcw.com\/wp-content\/uploads\/2025\/09\/6-250F2111435L3.png 1420w, https:\/\/klqcw.com\/wp-content\/uploads\/2025\/09\/6-250F2111435L3-300x289.png 300w, https:\/\/klqcw.com\/wp-content\/uploads\/2025\/09\/6-250F2111435L3-1024x988.png 1024w, https:\/\/klqcw.com\/wp-content\/uploads\/2025\/09\/6-250F2111435L3-768x741.png 768w, https:\/\/klqcw.com\/wp-content\/uploads\/2025\/09\/6-250F2111435L3-12x12.png 12w, https:\/\/klqcw.com\/wp-content\/uploads\/2025\/09\/6-250F2111435L3-600x579.png 600w, https:\/\/klqcw.com\/wp-content\/uploads\/2025\/09\/6-250F2111435L3-150x145.png 150w\" sizes=\"(max-width: 1420px) 100vw, 1420px\" \/> <img loading=\"lazy\" decoding=\"async\" class=\"aligncenter wp-image-3981 size-full\" src=\"https:\/\/klqcw.com\/wp-content\/uploads\/2025\/09\/6-250F2105430151.png\" alt=\"Componentes del cargador de gancho\" width=\"1420\" height=\"1877\" srcset=\"https:\/\/klqcw.com\/wp-content\/uploads\/2025\/09\/6-250F2105430151.png 1420w, https:\/\/klqcw.com\/wp-content\/uploads\/2025\/09\/6-250F2105430151-227x300.png 227w, https:\/\/klqcw.com\/wp-content\/uploads\/2025\/09\/6-250F2105430151-775x1024.png 775w, https:\/\/klqcw.com\/wp-content\/uploads\/2025\/09\/6-250F2105430151-768x1015.png 768w, https:\/\/klqcw.com\/wp-content\/uploads\/2025\/09\/6-250F2105430151-1162x1536.png 1162w, https:\/\/klqcw.com\/wp-content\/uploads\/2025\/09\/6-250F2105430151-9x12.png 9w, https:\/\/klqcw.com\/wp-content\/uploads\/2025\/09\/6-250F2105430151-600x793.png 600w, https:\/\/klqcw.com\/wp-content\/uploads\/2025\/09\/6-250F2105430151-150x198.png 150w\" sizes=\"(max-width: 1420px) 100vw, 1420px\" \/><img loading=\"lazy\" decoding=\"async\" class=\"aligncenter wp-image-3964 size-full\" src=\"https:\/\/klqcw.com\/wp-content\/uploads\/2025\/09\/6-250F2103405637.png\" alt=\"Proceso de producci\u00f3n de contenedores de basura\" width=\"1555\" height=\"2086\" srcset=\"https:\/\/klqcw.com\/wp-content\/uploads\/2025\/09\/6-250F2103405637.png 1555w, https:\/\/klqcw.com\/wp-content\/uploads\/2025\/09\/6-250F2103405637-224x300.png 224w, https:\/\/klqcw.com\/wp-content\/uploads\/2025\/09\/6-250F2103405637-763x1024.png 763w, https:\/\/klqcw.com\/wp-content\/uploads\/2025\/09\/6-250F2103405637-768x1030.png 768w, https:\/\/klqcw.com\/wp-content\/uploads\/2025\/09\/6-250F2103405637-1145x1536.png 1145w, https:\/\/klqcw.com\/wp-content\/uploads\/2025\/09\/6-250F2103405637-1527x2048.png 1527w, https:\/\/klqcw.com\/wp-content\/uploads\/2025\/09\/6-250F2103405637-9x12.png 9w, https:\/\/klqcw.com\/wp-content\/uploads\/2025\/09\/6-250F2103405637-600x805.png 600w, https:\/\/klqcw.com\/wp-content\/uploads\/2025\/09\/6-250F2103405637-150x201.png 150w\" sizes=\"(max-width: 1555px) 100vw, 1555px\" \/><\/p>","protected":false},"excerpt":{"rendered":"<p>\u00a0Brand name ISUZU \u00a0 Overall Dimensions\uff08mm\uff09 5450\u00d72000\u00d72200,2300(mm) \u00a0 Matching garbage collection box volume (m\u00b3) 3-5 \u00a0 Single cycle time\uff08s\uff09 Up<\/p>","protected":false},"featured_media":4005,"template":"","meta":[],"product_brand":[],"product_cat":[192],"product_tag":[],"class_list":{"0":"post-4004","1":"product","2":"type-product","3":"status-publish","4":"has-post-thumbnail","6":"product_cat-garbage-trucks","8":"first","9":"instock","10":"shipping-taxable","11":"product-type-simple"},"_links":{"self":[{"href":"https:\/\/klqcw.com\/es\/wp-json\/wp\/v2\/product\/4004","targetHints":{"allow":["GET"]}}],"collection":[{"href":"https:\/\/klqcw.com\/es\/wp-json\/wp\/v2\/product"}],"about":[{"href":"https:\/\/klqcw.com\/es\/wp-json\/wp\/v2\/types\/product"}],"version-history":[{"count":1,"href":"https:\/\/klqcw.com\/es\/wp-json\/wp\/v2\/product\/4004\/revisions"}],"predecessor-version":[{"id":4012,"href":"https:\/\/klqcw.com\/es\/wp-json\/wp\/v2\/product\/4004\/revisions\/4012"}],"wp:featuredmedia":[{"embeddable":true,"href":"https:\/\/klqcw.com\/es\/wp-json\/wp\/v2\/media\/4005"}],"wp:attachment":[{"href":"https:\/\/klqcw.com\/es\/wp-json\/wp\/v2\/media?parent=4004"}],"wp:term":[{"taxonomy":"product_brand","embeddable":true,"href":"https:\/\/klqcw.com\/es\/wp-json\/wp\/v2\/product_brand?post=4004"},{"taxonomy":"product_cat","embeddable":true,"href":"https:\/\/klqcw.com\/es\/wp-json\/wp\/v2\/product_cat?post=4004"},{"taxonomy":"product_tag","embeddable":true,"href":"https:\/\/klqcw.com\/es\/wp-json\/wp\/v2\/product_tag?post=4004"}],"curies":[{"name":"wp","href":"https:\/\/api.w.org\/{rel}","templated":true}]}}